{"id":1032,"date":"2023-11-23T19:19:11","date_gmt":"2023-11-23T18:19:11","guid":{"rendered":"http:\/\/www.chpp.org.uy\/?page_id=1032"},"modified":"2024-05-17T14:01:12","modified_gmt":"2024-05-17T17:01:12","slug":"registro","status":"publish","type":"page","link":"https:\/\/www.cnasm.org.uy\/index.php\/registro\/","title":{"rendered":"Registro"},"content":{"rendered":"\t\t<div data-elementor-type=\"wp-page\" data-elementor-id=\"1032\" class=\"elementor elementor-1032\">\n\t\t\t\t<div class=\"elementor-element elementor-element-e4deab4 e-flex e-con-boxed e-con e-parent\" data-id=\"e4deab4\" data-element_type=\"container\">\n\t\t\t\t\t<div class=\"e-con-inner\">\n\t\t\t\t<div class=\"elementor-element elementor-element-86cd017 elementor-widget elementor-widget-heading\" data-id=\"86cd017\" data-element_type=\"widget\" data-widget_type=\"heading.default\">\n\t\t\t\t<div class=\"elementor-widget-container\">\n\t\t\t<h2 class=\"elementor-heading-title elementor-size-default\">Registro de Retardo Mental y Otros Impedimentos<\/h2>\t\t<\/div>\n\t\t\t\t<\/div>\n\t\t\t\t<div class=\"elementor-element elementor-element-a3437ec elementor-widget elementor-widget-text-editor\" data-id=\"a3437ec\" data-element_type=\"widget\" data-widget_type=\"text-editor.default\">\n\t\t\t\t<div class=\"elementor-widget-container\">\n\t\t\t\t\t\t\t<div class=\"wpb_column vc_column_container vc_col-sm-6\"><div class=\"vc_column-inner \"><div class=\"wpb_wrapper\"><div class=\"wpb_text_column wpb_content_element \"><div class=\"wpb_wrapper\"><p>\u00a0 \u00a0 \u00a0 \u00a0El Registro de Retardo Mental se encuentra reglamentado en la <strong>Ley n\u00famero<\/strong>\u00a0<strong>13.711<\/strong>\u00a0y sus decretos reglamentarios. El\u00a0<strong>art\u00edculo 1\u00ba<\/strong>\u00a0de dicha Ley declara obligatoria la denuncia ante el Ministerio de Salud Publica, de todo menor con diagn\u00f3stico de retardo mental. La reglamentaci\u00f3n de la ley dispuso que dicho Registro dependa de la Comisi\u00f3n Honoraria del Patronato del Psic\u00f3pata, en atenci\u00f3n a la integraci\u00f3n y atribuciones de la Instituci\u00f3n.<\/p><p>\u00a0 \u00a0 \u00a0 \u00a0El objeto de dicho registro es <strong>duplicar el monto de la asignaci\u00f3n familiar<\/strong> para los beneficiarios con diagn\u00f3stico de retardo mental y\/o que padezcan otras formas de invalidez del aparato locomotor y huesos, viscerales, sensoriales o mentales. <strong>Dicho beneficio se adquiere a partir de la fecha de inscripci\u00f3n en el Registro<\/strong>.<\/p><\/div><\/div><\/div><\/div><\/div><div class=\"wpb_column vc_column_container vc_col-sm-6\"><div class=\"vc_column-inner \"><div class=\"wpb_wrapper\"><div class=\"wpb_text_column wpb_content_element \"><div class=\"wpb_wrapper\"><p>\u00a0 \u00a0 \u00a0 En t\u00e9rminos m\u00e1s recientes la <strong>Ley 18211<\/strong>\u00a0ampli\u00f3 el r\u00e9gimen dispuesto a mayores de edad, estableciendo que \u201cLos aportes a que hacen referencia los\u00a0<strong>art\u00edculos 61, 62, 70 y 71<\/strong>\u00a0de la presente ley dar\u00e1n derecho a los hijos menores de 18 a\u00f1os o mayores de esa edad con discapacidad, incluyendo los del c\u00f3nyuge o del concubino a cargo de los usuarios amparados por el Seguro Nacional de Salud, a recibir atenci\u00f3n integral en salud a trav\u00e9s de los prestadores que integren el Sistema Nacional Integrado de Salud\u201d.<\/p><\/div><\/div><\/div><\/div><\/div>\t\t\t\t\t\t<\/div>\n\t\t\t\t<\/div>\n\t\t\t\t<div class=\"elementor-element elementor-element-d490ad1 elementor-widget elementor-widget-heading\" data-id=\"d490ad1\" data-element_type=\"widget\" data-widget_type=\"heading.default\">\n\t\t\t\t<div class=\"elementor-widget-container\">\n\t\t\t<h2 class=\"elementor-heading-title elementor-size-default\">\u00bfComo recibir el Beneficio?<\/h2>\t\t<\/div>\n\t\t\t\t<\/div>\n\t\t\t\t\t<\/div>\n\t\t\t\t<\/div>\n\t\t<div class=\"elementor-element elementor-element-55730e5 e-flex e-con-boxed e-con e-parent\" data-id=\"55730e5\" data-element_type=\"container\">\n\t\t\t\t\t<div class=\"e-con-inner\">\n\t\t<div class=\"elementor-element elementor-element-bfe4bc9 e-con-full e-flex e-con e-child\" data-id=\"bfe4bc9\" data-element_type=\"container\">\n\t\t\t\t<div class=\"elementor-element elementor-element-74574a7 elementor-widget elementor-widget-heading\" data-id=\"74574a7\" data-element_type=\"widget\" data-widget_type=\"heading.default\">\n\t\t\t\t<div class=\"elementor-widget-container\">\n\t\t\t<h2 class=\"elementor-heading-title elementor-size-default\">Desde Montevideo<\/h2>\t\t<\/div>\n\t\t\t\t<\/div>\n\t\t\t\t<div class=\"elementor-element elementor-element-043946b elementor-widget elementor-widget-text-editor\" data-id=\"043946b\" data-element_type=\"widget\" data-widget_type=\"text-editor.default\">\n\t\t\t\t<div class=\"elementor-widget-container\">\n\t\t\t\t\t\t\t<p>Pedir hora telef\u00f3nicamente al 0800-8490 el 2\u00ba lunes de cada mes a partir de las 8:00 hs hasta las 15:00 hs.<\/p><p>El paciente debe concurrir acompa\u00f1ado del adulto responsable en la fecha otorgada con:<\/p><p>1) C\u00e9dula de identidad de ambos (paciente y adulto responsable)<br \/><span style=\"font-style: inherit; font-weight: inherit; color: var( --e-global-color-5da9ef4f ); text-align: var(--text-align); background-color: var(--ast-global-color-4);\"><br \/>2) Certificado m\u00e9dico que especifique diagn\u00f3sticos con fecha reciente (menos de 6 meses) y si posee informe de estudio psicol\u00f3gico y\/o dem\u00e1s estudios que aclaren los diagn\u00f3sticos.<br \/><\/span><\/p>\t\t\t\t\t\t<\/div>\n\t\t\t\t<\/div>\n\t\t\t\t<\/div>\n\t\t<div class=\"elementor-element elementor-element-ff231e2 e-con-full e-flex e-con e-child\" data-id=\"ff231e2\" data-element_type=\"container\">\n\t\t\t\t<div class=\"elementor-element elementor-element-2f5c7bf elementor-widget elementor-widget-heading\" data-id=\"2f5c7bf\" data-element_type=\"widget\" data-widget_type=\"heading.default\">\n\t\t\t\t<div class=\"elementor-widget-container\">\n\t\t\t<h2 class=\"elementor-heading-title elementor-size-default\">Desde el interior del Pa\u00eds<\/h2>\t\t<\/div>\n\t\t\t\t<\/div>\n\t\t\t\t<div class=\"elementor-element elementor-element-ffeb96e elementor-widget elementor-widget-text-editor\" data-id=\"ffeb96e\" data-element_type=\"widget\" data-widget_type=\"text-editor.default\">\n\t\t\t\t<div class=\"elementor-widget-container\">\n\t\t\t\t\t\t\t<p>Debe presentar en la sucursal de BPS pr\u00f3xima a su domicilio:<\/p><p>a) C\u00e9dula de Identidad del paciente y del adulto responsable<\/p><p>b) Ficha M\u00e9dica completa que debe ser llenada por el m\u00e9dico tratante en letra legible, con firma y sello. No debe ser llenada por psic\u00f3logos ni t\u00e9cnicos que no sean m\u00e9dicos.<\/p><p>El BPS llenar\u00e1 la ficha social y enviar\u00e1 toda la documentaci\u00f3n al Registro de Retardo Mental y Otros Impedimentos. Si corresponde se realizar\u00e1 la inscripci\u00f3n y se emitir\u00e1 una constancia y se le entregar\u00e1 una tarjeta para enviar al responsable del paciente, quien una vez al a\u00f1o deber\u00e1 renovar la inscripci\u00f3n.<\/p>\t\t\t\t\t\t<\/div>\n\t\t\t\t<\/div>\n\t\t\t\t<\/div>\n\t\t<div class=\"elementor-element elementor-element-4926d01 e-con-full e-flex e-con e-child\" data-id=\"4926d01\" data-element_type=\"container\">\n\t\t\t\t<div class=\"elementor-element elementor-element-8a24378 elementor-widget elementor-widget-heading\" data-id=\"8a24378\" data-element_type=\"widget\" data-widget_type=\"heading.default\">\n\t\t\t\t<div class=\"elementor-widget-container\">\n\t\t\t<h2 class=\"elementor-heading-title elementor-size-default\">Renovaci\u00f3n<\/h2>\t\t<\/div>\n\t\t\t\t<\/div>\n\t\t\t\t<div class=\"elementor-element elementor-element-9845b94 elementor-widget elementor-widget-text-editor\" data-id=\"9845b94\" data-element_type=\"widget\" data-widget_type=\"text-editor.default\">\n\t\t\t\t<div class=\"elementor-widget-container\">\n\t\t\t\t\t\t\t<p>Se realizan presentando:<\/p><p>1) Un nuevo certificado m\u00e9dico actual (antig\u00fcedad menor a seis meses) con diagn\u00f3sticos especificados.<\/p><p>2) Nueva constancia del centro de estudio.<\/p><p>3) Tarjeta expedida por el registro donde figura la fecha ( mes y a\u00f1o en que deber\u00e1 renovar) o c\u00e9dula de identidad del paciente.<\/p><p><strong>En Montevideo<\/strong> debe concurrir el adulto responsable sin el paciente, excepto situaciones en que se le especifique que debe concurrir. Puede hacerlo directamente de lunes a viernes en el horario de atenci\u00f3n.<br \/><br \/><strong>En el interior del Pa\u00eds<\/strong>, debe presentar la documentaci\u00f3n en la sucursal del BPS.<\/p><p>En el caso de las constancias para Fonasa (mayores de 18 a\u00f1os) el registro emitir\u00e1 constancias sin vencimiento.<\/p>\t\t\t\t\t\t<\/div>\n\t\t\t\t<\/div>\n\t\t\t\t<\/div>\n\t\t\t\t\t<\/div>\n\t\t\t\t<\/div>\n\t\t<div class=\"elementor-element elementor-element-db2db12 e-flex e-con-boxed e-con e-parent\" data-id=\"db2db12\" data-element_type=\"container\">\n\t\t\t\t\t<div class=\"e-con-inner\">\n\t\t\t\t<div class=\"elementor-element elementor-element-4c93f26 elementor-widget elementor-widget-text-editor\" data-id=\"4c93f26\" data-element_type=\"widget\" data-widget_type=\"text-editor.default\">\n\t\t\t\t<div class=\"elementor-widget-container\">\n\t\t\t\t\t\t\t<p><strong>Por cualquier aclaraci\u00f3n o informaci\u00f3n complementaria puede comunicarse de lunes a viernes al 0800-8490 en el horario de 8:00 a 15:00 hs.<\/strong><\/p>\t\t\t\t\t\t<\/div>\n\t\t\t\t<\/div>\n\t\t\t\t\t<\/div>\n\t\t\t\t<\/div>\n\t\t<div class=\"elementor-element elementor-element-972a42b e-flex e-con-boxed e-con e-parent\" data-id=\"972a42b\" data-element_type=\"container\">\n\t\t\t\t\t<div class=\"e-con-inner\">\n\t\t\t\t<div class=\"elementor-element elementor-element-098f03a elementor-widget elementor-widget-text-editor\" data-id=\"098f03a\" data-element_type=\"widget\" data-widget_type=\"text-editor.default\">\n\t\t\t\t<div class=\"elementor-widget-container\">\n\t\t\t\t\t\t\t<p><b>La atenci\u00f3n presencial se realiza de 08:00 a 12:00<\/b><\/p><p><span style=\"font-weight: bold; font-size: 19.2px;\">La atenci\u00f3n Telef\u00f3nica se realiza de 08:00 a 15:00<\/span><b><br \/><\/b><\/p>\t\t\t\t\t\t<\/div>\n\t\t\t\t<\/div>\n\t\t\t\t\t<\/div>\n\t\t\t\t<\/div>\n\t\t\t\t<\/div>\n\t\t","protected":false},"excerpt":{"rendered":"<p>Registro de Retardo Mental y Otros Impedimentos \u00a0 \u00a0 \u00a0 \u00a0El Registro de Retardo Mental se encuentra reglamentado en la Ley n\u00famero\u00a013.711\u00a0y sus decretos reglamentarios. El\u00a0art\u00edculo 1\u00ba\u00a0de dicha Ley declara obligatoria la denuncia ante el Ministerio de Salud Publica, de todo menor con diagn\u00f3stico de retardo mental. La reglamentaci\u00f3n de la ley dispuso que dicho &hellip;<\/p>\n<p class=\"read-more\"> <a class=\"\" href=\"https:\/\/www.cnasm.org.uy\/index.php\/registro\/\"> <span class=\"screen-reader-text\">Registro<\/span> Leer m\u00e1s &raquo;<\/a><\/p>\n","protected":false},"author":1,"featured_media":0,"parent":0,"menu_order":0,"comment_status":"closed","ping_status":"closed","template":"","meta":{"_uag_custom_page_level_css":"","_uf_show_specific_survey":0,"_uf_disable_surveys":false,"site-sidebar-layout":"no-sidebar","site-content-layout":"page-builder","ast-site-content-layout":"full-width-container","site-content-style":"default","site-sidebar-style":"default","ast-global-header-display":"","ast-banner-title-visibility":"","ast-main-header-display":"","ast-hfb-above-header-display":"","ast-hfb-below-header-display":"","ast-hfb-mobile-header-display":"","site-post-title":"disabled","ast-breadcrumbs-content":"","ast-featured-img":"disabled","footer-sml-layout":"","theme-transparent-header-meta":"","adv-header-id-meta":"","stick-header-meta":"","header-above-stick-meta":"","header-main-stick-meta":"","header-below-stick-meta":"","astra-migrate-meta-layouts":"set","ast-page-background-enabled":"default","ast-page-background-meta":{"desktop":{"background-color":"","background-image":"","background-repeat":"repeat","background-position":"center center","background-size":"auto","background-attachment":"scroll","background-type":"","background-media":"","overlay-type":"","overlay-color":"","overlay-gradient":""},"tablet":{"background-color":"","background-image":"","background-repeat":"repeat","background-position":"center center","background-size":"auto","background-attachment":"scroll","background-type":"","background-media":"","overlay-type":"","overlay-color":"","overlay-gradient":""},"mobile":{"background-color":"","background-image":"","background-repeat":"repeat","background-position":"center center","background-size":"auto","background-attachment":"scroll","background-type":"","background-media":"","overlay-type":"","overlay-color":"","overlay-gradient":""}},"ast-content-background-meta":{"desktop":{"background-color":"var(--ast-global-color-5)","background-image":"","background-repeat":"repeat","background-position":"center center","background-size":"auto","background-attachment":"scroll","background-type":"","background-media":"","overlay-type":"","overlay-color":"","overlay-gradient":""},"tablet":{"background-color":"var(--ast-global-color-5)","background-image":"","background-repeat":"repeat","background-position":"center center","background-size":"auto","background-attachment":"scroll","background-type":"","background-media":"","overlay-type":"","overlay-color":"","overlay-gradient":""},"mobile":{"background-color":"var(--ast-global-color-5)","background-image":"","background-repeat":"repeat","background-position":"center center","background-size":"auto","background-attachment":"scroll","background-type":"","background-media":"","overlay-type":"","overlay-color":"","overlay-gradient":""}},"footnotes":""},"class_list":["post-1032","page","type-page","status-publish","hentry"],"aioseo_notices":[],"uagb_featured_image_src":{"full":false,"thumbnail":false,"medium":false,"medium_large":false,"large":false,"1536x1536":false,"2048x2048":false},"uagb_author_info":{"display_name":"Admin","author_link":"https:\/\/www.cnasm.org.uy\/index.php\/author\/admin\/"},"uagb_comment_info":0,"uagb_excerpt":"Registro de Retardo Mental y Otros Impedimentos \u00a0 \u00a0 \u00a0 \u00a0El Registro de Retardo Mental se encuentra reglamentado en la Ley n\u00famero\u00a013.711\u00a0y sus decretos reglamentarios. El\u00a0art\u00edculo 1\u00ba\u00a0de dicha Ley declara obligatoria la denuncia ante el Ministerio de Salud Publica, de todo menor con diagn\u00f3stico de retardo mental. La reglamentaci\u00f3n de la ley dispuso que dicho&hellip;","rttpg_featured_image_url":null,"rttpg_author":{"display_name":"Admin","author_link":"https:\/\/www.cnasm.org.uy\/index.php\/author\/admin\/"},"rttpg_comment":0,"rttpg_category":null,"rttpg_excerpt":"Registro de Retardo Mental y Otros Impedimentos \u00a0 \u00a0 \u00a0 \u00a0El Registro de Retardo Mental se encuentra reglamentado en la Ley n\u00famero\u00a013.711\u00a0y sus decretos reglamentarios. El\u00a0art\u00edculo 1\u00ba\u00a0de dicha Ley declara obligatoria la denuncia ante el Ministerio de Salud Publica, de todo menor con diagn\u00f3stico de retardo mental. La reglamentaci\u00f3n de la ley dispuso que dicho&hellip;","_links":{"self":[{"href":"https:\/\/www.cnasm.org.uy\/index.php\/wp-json\/wp\/v2\/pages\/1032","targetHints":{"allow":["GET"]}}],"collection":[{"href":"https:\/\/www.cnasm.org.uy\/index.php\/wp-json\/wp\/v2\/pages"}],"about":[{"href":"https:\/\/www.cnasm.org.uy\/index.php\/wp-json\/wp\/v2\/types\/page"}],"author":[{"embeddable":true,"href":"https:\/\/www.cnasm.org.uy\/index.php\/wp-json\/wp\/v2\/users\/1"}],"replies":[{"embeddable":true,"href":"https:\/\/www.cnasm.org.uy\/index.php\/wp-json\/wp\/v2\/comments?post=1032"}],"version-history":[{"count":37,"href":"https:\/\/www.cnasm.org.uy\/index.php\/wp-json\/wp\/v2\/pages\/1032\/revisions"}],"predecessor-version":[{"id":2107,"href":"https:\/\/www.cnasm.org.uy\/index.php\/wp-json\/wp\/v2\/pages\/1032\/revisions\/2107"}],"wp:attachment":[{"href":"https:\/\/www.cnasm.org.uy\/index.php\/wp-json\/wp\/v2\/media?parent=1032"}],"curies":[{"name":"wp","href":"https:\/\/api.w.org\/{rel}","templated":true}]}}