{"id":1052,"date":"2023-11-23T19:42:53","date_gmt":"2023-11-23T18:42:53","guid":{"rendered":"http:\/\/www.chpp.org.uy\/?page_id=1052"},"modified":"2024-03-05T19:37:27","modified_gmt":"2024-03-05T22:37:27","slug":"programa-arrayan","status":"publish","type":"page","link":"https:\/\/www.cnasm.org.uy\/index.php\/programa-arrayan\/","title":{"rendered":"Programa Arrayan"},"content":{"rendered":"\t\t<div data-elementor-type=\"wp-page\" data-elementor-id=\"1052\" class=\"elementor elementor-1052\">\n\t\t\t\t<div class=\"elementor-element elementor-element-3a62288 e-flex e-con-boxed e-con e-parent\" data-id=\"3a62288\" data-element_type=\"container\">\n\t\t\t\t\t<div class=\"e-con-inner\">\n\t\t\t\t<div class=\"elementor-element elementor-element-0eec5af elementor-widget elementor-widget-heading\" data-id=\"0eec5af\" data-element_type=\"widget\" data-widget_type=\"heading.default\">\n\t\t\t\t<div class=\"elementor-widget-container\">\n\t\t\t<h1 class=\"elementor-heading-title elementor-size-large\">Programa Arrayan<\/h1>\t\t<\/div>\n\t\t\t\t<\/div>\n\t\t\t\t<div class=\"elementor-element elementor-element-e642a82 elementor-widget elementor-widget-text-editor\" data-id=\"e642a82\" data-element_type=\"widget\" data-widget_type=\"text-editor.default\">\n\t\t\t\t<div class=\"elementor-widget-container\">\n\t\t\t\t\t\t\t<p><strong>El Programa Array\u00e1n<\/strong> es el programa de <strong>viviendas transitorias que estimula y apoya la autonom\u00eda<\/strong>. Se persigue como objetivo general la <strong>inclusi\u00f3n social<\/strong> para personas con discapacidad ps\u00edquica. Cuenta con varios dispositivos y diferentes objetivos como la<strong> pensi\u00f3n social, apartamentos supervisados y apoyos en domicilio<\/strong>.<\/p><p>Centra su intervenci\u00f3n en el funcionamiento psicosocial a trav\u00e9s de las <strong>relaciones vinculares de convivencia<\/strong>.<\/p>\t\t\t\t\t\t<\/div>\n\t\t\t\t<\/div>\n\t\t\t\t\t<\/div>\n\t\t\t\t<\/div>\n\t\t<div class=\"elementor-element elementor-element-fb626b6 e-flex e-con-boxed e-con e-parent\" data-id=\"fb626b6\" data-element_type=\"container\">\n\t\t\t\t\t<div class=\"e-con-inner\">\n\t\t\t\t<div class=\"elementor-element elementor-element-57d2a43 elementor-widget elementor-widget-image\" data-id=\"57d2a43\" data-element_type=\"widget\" data-widget_type=\"image.default\">\n\t\t\t\t<div class=\"elementor-widget-container\">\n\t\t\t\t\t\t\t\t\t\t\t\t\t<img fetchpriority=\"high\" decoding=\"async\" width=\"1024\" height=\"461\" src=\"https:\/\/www.cnasm.org.uy\/wp-content\/uploads\/2024\/02\/IMG_20240222_140722-1024x461.jpg\" class=\"attachment-large size-large wp-image-1609\" alt=\"\" \/>\t\t\t\t\t\t\t\t\t\t\t\t\t<\/div>\n\t\t\t\t<\/div>\n\t\t\t\t<div class=\"elementor-element elementor-element-781b3c8 elementor-arrows-position-inside elementor-pagination-position-outside elementor-widget elementor-widget-image-carousel\" data-id=\"781b3c8\" data-element_type=\"widget\" data-settings=\"{&quot;navigation&quot;:&quot;both&quot;,&quot;autoplay&quot;:&quot;yes&quot;,&quot;pause_on_hover&quot;:&quot;yes&quot;,&quot;pause_on_interaction&quot;:&quot;yes&quot;,&quot;autoplay_speed&quot;:5000,&quot;infinite&quot;:&quot;yes&quot;,&quot;speed&quot;:500}\" data-widget_type=\"image-carousel.default\">\n\t\t\t\t<div class=\"elementor-widget-container\">\n\t\t\t\t\t<div class=\"elementor-image-carousel-wrapper swiper\" dir=\"ltr\">\n\t\t\t<div class=\"elementor-image-carousel swiper-wrapper swiper-image-stretch\" aria-live=\"off\">\n\t\t\t\t\t\t\t\t<div class=\"swiper-slide\" role=\"group\" aria-roledescription=\"slide\" aria-label=\"1 de 17\"><figure class=\"swiper-slide-inner\"><img decoding=\"async\" class=\"swiper-slide-image\" src=\"https:\/\/www.cnasm.org.uy\/wp-content\/uploads\/elementor\/thumbs\/IMG_20240222_140918-scaled-qkfj81g5vjtwvffkaoeruxpr942na3dz3vnpmvj1cw.jpg\" alt=\"\" \/><\/figure><\/div><div class=\"swiper-slide\" role=\"group\" aria-roledescription=\"slide\" aria-label=\"2 de 17\"><figure class=\"swiper-slide-inner\"><img decoding=\"async\" class=\"swiper-slide-image\" src=\"https:\/\/www.cnasm.org.uy\/wp-content\/uploads\/elementor\/thumbs\/IMG_20240222_140943-scaled-qkfj87370k1mt37ddquj9waitfauka0d4nkmijaobk.jpg\" alt=\"\" \/><\/figure><\/div><div class=\"swiper-slide\" role=\"group\" aria-roledescription=\"slide\" aria-label=\"3 de 17\"><figure class=\"swiper-slide-inner\"><img decoding=\"async\" class=\"swiper-slide-image\" src=\"https:\/\/www.cnasm.org.uy\/wp-content\/uploads\/elementor\/thumbs\/IMG_20240222_141050-scaled-qkfj857imvz25va3oq1a4wrlmnk44vswge9njzdgo0.jpg\" alt=\"\" \/><\/figure><\/div><div class=\"swiper-slide\" role=\"group\" aria-roledescription=\"slide\" aria-label=\"4 de 17\"><figure class=\"swiper-slide-inner\"><img decoding=\"async\" class=\"swiper-slide-image\" src=\"https:\/\/www.cnasm.org.uy\/wp-content\/uploads\/elementor\/thumbs\/IMG_20240222_141203-scaled-qkfj7xot47orkzl0wms9kynwvkl6faz1rd1rprom1s.jpg\" alt=\"\" \/><\/figure><\/div><div class=\"swiper-slide\" role=\"group\" aria-roledescription=\"slide\" aria-label=\"5 de 17\"><figure class=\"swiper-slide-inner\"><img decoding=\"async\" class=\"swiper-slide-image\" src=\"https:\/\/www.cnasm.org.uy\/wp-content\/uploads\/elementor\/thumbs\/101_0392-scaled-qfsotmbgy8opxq6k2w0hyxh6e8ait9lw6nzjcaj0rk.jpg\" alt=\"\" \/><\/figure><\/div><div class=\"swiper-slide\" role=\"group\" aria-roledescription=\"slide\" aria-label=\"6 de 17\"><figure class=\"swiper-slide-inner\"><img decoding=\"async\" class=\"swiper-slide-image\" src=\"https:\/\/www.cnasm.org.uy\/wp-content\/uploads\/elementor\/thumbs\/101_0384-scaled-qfsotfqlmefpogg45b63zh4y8j6ybdvrtrf4zcsrz4.jpg\" alt=\"\" \/><\/figure><\/div><div class=\"swiper-slide\" role=\"group\" aria-roledescription=\"slide\" aria-label=\"7 de 17\"><figure class=\"swiper-slide-inner\"><img decoding=\"async\" class=\"swiper-slide-image\" src=\"https:\/\/www.cnasm.org.uy\/wp-content\/uploads\/elementor\/thumbs\/101_0379-scaled-qfsot87w3q5f3kr1d7x3fj19hg80lt1x4q79553xcw.jpg\" alt=\"\" \/><\/figure><\/div><div class=\"swiper-slide\" role=\"group\" aria-roledescription=\"slide\" aria-label=\"8 de 17\"><figure class=\"swiper-slide-inner\"><img decoding=\"async\" class=\"swiper-slide-image\" src=\"https:\/\/www.cnasm.org.uy\/wp-content\/uploads\/elementor\/thumbs\/101_0373-scaled-qfsot0p6l1v4ip1yl4o2vkxkqd92w882fozdaxf2qo.jpg\" alt=\"\" \/><\/figure><\/div><div class=\"swiper-slide\" role=\"group\" aria-roledescription=\"slide\" aria-label=\"9 de 17\"><figure class=\"swiper-slide-inner\"><img decoding=\"async\" class=\"swiper-slide-image\" src=\"https:\/\/www.cnasm.org.uy\/wp-content\/uploads\/elementor\/thumbs\/101_0369-scaled-qfsosu4b97m49fbinjtow4lcko5iechy2seyxzoty8.jpg\" alt=\"\" \/><\/figure><\/div><div class=\"swiper-slide\" role=\"group\" aria-roledescription=\"slide\" aria-label=\"10 de 17\"><figure class=\"swiper-slide-inner\"><img decoding=\"async\" class=\"swiper-slide-image\" src=\"https:\/\/www.cnasm.org.uy\/wp-content\/uploads\/elementor\/thumbs\/101_0367-scaled-qfsosmllqjbtojmfvgkoc6hntl6koro3dr733rzzc0.jpg\" alt=\"\" \/><\/figure><\/div><div class=\"swiper-slide\" role=\"group\" aria-roledescription=\"slide\" aria-label=\"11 de 17\"><figure class=\"swiper-slide-inner\"><img decoding=\"async\" class=\"swiper-slide-image\" src=\"https:\/\/www.cnasm.org.uy\/wp-content\/uploads\/elementor\/thumbs\/101_0359-scaled-qfsosf2w7v1j3nxd3dbns8dz2i7mz6u8opz79kb4ps.jpg\" alt=\"\" \/><\/figure><\/div><div class=\"swiper-slide\" role=\"group\" aria-roledescription=\"slide\" aria-label=\"12 de 17\"><figure class=\"swiper-slide-inner\"><img decoding=\"async\" class=\"swiper-slide-image\" src=\"https:\/\/www.cnasm.org.uy\/wp-content\/uploads\/elementor\/thumbs\/101_0353-scaled-qfsos8i0w0siue6x5sh9ss1qwt42hb44bteswmkvxc.jpg\" alt=\"\" \/><\/figure><\/div><div class=\"swiper-slide\" role=\"group\" aria-roledescription=\"slide\" aria-label=\"13 de 17\"><figure class=\"swiper-slide-inner\"><img decoding=\"async\" class=\"swiper-slide-image\" src=\"https:\/\/www.cnasm.org.uy\/wp-content\/uploads\/elementor\/thumbs\/101_0351-scaled-qfsos1x5k6jil4gh87mvtbpir40hzfdzywuejoun4w.jpg\" alt=\"\" \/><\/figure><\/div><div class=\"swiper-slide\" role=\"group\" aria-roledescription=\"slide\" aria-label=\"14 de 17\"><figure class=\"swiper-slide-inner\"><img decoding=\"async\" class=\"swiper-slide-image\" src=\"https:\/\/www.cnasm.org.uy\/wp-content\/uploads\/elementor\/thumbs\/101_0349-scaled-qfsorueg1i9808reg4dv9dlu011k9uk59vmiph5sio.jpg\" alt=\"\" \/><\/figure><\/div><div class=\"swiper-slide\" role=\"group\" aria-roledescription=\"slide\" aria-label=\"15 de 17\"><figure class=\"swiper-slide-inner\"><img decoding=\"async\" class=\"swiper-slide-image\" src=\"https:\/\/www.cnasm.org.uy\/wp-content\/uploads\/elementor\/thumbs\/101_0345-scaled-qfsormvqityxfd2bo14upfi58y2mk9qakuemv9gxwg.jpg\" alt=\"\" \/><\/figure><\/div><div class=\"swiper-slide\" role=\"group\" aria-roledescription=\"slide\" aria-label=\"16 de 17\"><figure class=\"swiper-slide-inner\"><img decoding=\"async\" class=\"swiper-slide-image\" src=\"https:\/\/www.cnasm.org.uy\/wp-content\/uploads\/elementor\/thumbs\/101_0341-scaled-qfsorfd105omuhd8vxvu5heghv3ouowfvt6r11s3a8.jpg\" alt=\"\" \/><\/figure><\/div><div class=\"swiper-slide\" role=\"group\" aria-roledescription=\"slide\" aria-label=\"17 de 17\"><figure class=\"swiper-slide-inner\"><img decoding=\"async\" class=\"swiper-slide-image\" src=\"https:\/\/www.cnasm.org.uy\/wp-content\/uploads\/elementor\/thumbs\/Arrayan-qfqrzletkugg9znh08z12r18685vbd0ptkw5oapyg0.jpg\" alt=\"\" \/><\/figure><\/div>\t\t\t<\/div>\n\t\t\t\t\t\t\t\t\t\t\t\t<div class=\"elementor-swiper-button elementor-swiper-button-prev\" role=\"button\" tabindex=\"0\">\n\t\t\t\t\t\t<svg aria-hidden=\"true\" class=\"e-font-icon-svg e-eicon-chevron-left\" viewBox=\"0 0 1000 1000\" xmlns=\"http:\/\/www.w3.org\/2000\/svg\"><path d=\"M646 125C629 125 613 133 604 142L308 442C296 454 292 471 292 487 292 504 296 521 308 533L604 854C617 867 629 875 646 875 663 875 679 871 692 858 704 846 713 829 713 812 713 796 708 779 692 767L438 487 692 225C700 217 708 204 708 187 708 171 704 154 692 142 675 129 663 125 646 125Z\"><\/path><\/svg>\t\t\t\t\t<\/div>\n\t\t\t\t\t<div class=\"elementor-swiper-button elementor-swiper-button-next\" role=\"button\" tabindex=\"0\">\n\t\t\t\t\t\t<svg aria-hidden=\"true\" class=\"e-font-icon-svg e-eicon-chevron-right\" viewBox=\"0 0 1000 1000\" xmlns=\"http:\/\/www.w3.org\/2000\/svg\"><path d=\"M696 533C708 521 713 504 713 487 713 471 708 454 696 446L400 146C388 133 375 125 354 125 338 125 325 129 313 142 300 154 292 171 292 187 292 204 296 221 308 233L563 492 304 771C292 783 288 800 288 817 288 833 296 850 308 863 321 871 338 875 354 875 371 875 388 867 400 854L696 533Z\"><\/path><\/svg>\t\t\t\t\t<\/div>\n\t\t\t\t\n\t\t\t\t\t\t\t\t\t<div class=\"swiper-pagination\"><\/div>\n\t\t\t\t\t\t\t\t\t<\/div>\n\t\t\t\t<\/div>\n\t\t\t\t<\/div>\n\t\t\t\t\t<\/div>\n\t\t\t\t<\/div>\n\t\t\t\t<\/div>\n\t\t","protected":false},"excerpt":{"rendered":"<p>Programa Arrayan El Programa Array\u00e1n es el programa de viviendas transitorias que estimula y apoya la autonom\u00eda. Se persigue como objetivo general la inclusi\u00f3n social para personas con discapacidad ps\u00edquica. Cuenta con varios dispositivos y diferentes objetivos como la pensi\u00f3n social, apartamentos supervisados y apoyos en domicilio. Centra su intervenci\u00f3n en el funcionamiento psicosocial a &hellip;<\/p>\n<p class=\"read-more\"> <a class=\"\" href=\"https:\/\/www.cnasm.org.uy\/index.php\/programa-arrayan\/\"> <span class=\"screen-reader-text\">Programa Arrayan<\/span> Leer m\u00e1s &raquo;<\/a><\/p>\n","protected":false},"author":1,"featured_media":0,"parent":0,"menu_order":0,"comment_status":"closed","ping_status":"closed","template":"","meta":{"_uag_custom_page_level_css":"","_uf_show_specific_survey":0,"_uf_disable_surveys":false,"site-sidebar-layout":"no-sidebar","site-content-layout":"page-builder","ast-site-content-layout":"full-width-container","site-content-style":"default","site-sidebar-style":"default","ast-global-header-display":"","ast-banner-title-visibility":"","ast-main-header-display":"","ast-hfb-above-header-display":"","ast-hfb-below-header-display":"","ast-hfb-mobile-header-display":"","site-post-title":"disabled","ast-breadcrumbs-content":"","ast-featured-img":"disabled","footer-sml-layout":"","theme-transparent-header-meta":"","adv-header-id-meta":"","stick-header-meta":"","header-above-stick-meta":"","header-main-stick-meta":"","header-below-stick-meta":"","astra-migrate-meta-layouts":"set","ast-page-background-enabled":"default","ast-page-background-meta":{"desktop":{"background-color":"","background-image":"","background-repeat":"repeat","background-position":"center center","background-size":"auto","background-attachment":"scroll","background-type":"","background-media":"","overlay-type":"","overlay-color":"","overlay-gradient":""},"tablet":{"background-color":"","background-image":"","background-repeat":"repeat","background-position":"center center","background-size":"auto","background-attachment":"scroll","background-type":"","background-media":"","overlay-type":"","overlay-color":"","overlay-gradient":""},"mobile":{"background-color":"","background-image":"","background-repeat":"repeat","background-position":"center center","background-size":"auto","background-attachment":"scroll","background-type":"","background-media":"","overlay-type":"","overlay-color":"","overlay-gradient":""}},"ast-content-background-meta":{"desktop":{"background-color":"var(--ast-global-color-5)","background-image":"","background-repeat":"repeat","background-position":"center center","background-size":"auto","background-attachment":"scroll","background-type":"","background-media":"","overlay-type":"","overlay-color":"","overlay-gradient":""},"tablet":{"background-color":"var(--ast-global-color-5)","background-image":"","background-repeat":"repeat","background-position":"center center","background-size":"auto","background-attachment":"scroll","background-type":"","background-media":"","overlay-type":"","overlay-color":"","overlay-gradient":""},"mobile":{"background-color":"var(--ast-global-color-5)","background-image":"","background-repeat":"repeat","background-position":"center center","background-size":"auto","background-attachment":"scroll","background-type":"","background-media":"","overlay-type":"","overlay-color":"","overlay-gradient":""}},"footnotes":""},"class_list":["post-1052","page","type-page","status-publish","hentry"],"aioseo_notices":[],"uagb_featured_image_src":{"full":false,"thumbnail":false,"medium":false,"medium_large":false,"large":false,"1536x1536":false,"2048x2048":false},"uagb_author_info":{"display_name":"Admin","author_link":"https:\/\/www.cnasm.org.uy\/index.php\/author\/admin\/"},"uagb_comment_info":0,"uagb_excerpt":"Programa Arrayan El Programa Array\u00e1n es el programa de viviendas transitorias que estimula y apoya la autonom\u00eda. Se persigue como objetivo general la inclusi\u00f3n social para personas con discapacidad ps\u00edquica. Cuenta con varios dispositivos y diferentes objetivos como la pensi\u00f3n social, apartamentos supervisados y apoyos en domicilio. Centra su intervenci\u00f3n en el funcionamiento psicosocial a&hellip;","rttpg_featured_image_url":null,"rttpg_author":{"display_name":"Admin","author_link":"https:\/\/www.cnasm.org.uy\/index.php\/author\/admin\/"},"rttpg_comment":0,"rttpg_category":null,"rttpg_excerpt":"Programa Arrayan El Programa Array\u00e1n es el programa de viviendas transitorias que estimula y apoya la autonom\u00eda. Se persigue como objetivo general la inclusi\u00f3n social para personas con discapacidad ps\u00edquica. Cuenta con varios dispositivos y diferentes objetivos como la pensi\u00f3n social, apartamentos supervisados y apoyos en domicilio. Centra su intervenci\u00f3n en el funcionamiento psicosocial a&hellip;","_links":{"self":[{"href":"https:\/\/www.cnasm.org.uy\/index.php\/wp-json\/wp\/v2\/pages\/1052","targetHints":{"allow":["GET"]}}],"collection":[{"href":"https:\/\/www.cnasm.org.uy\/index.php\/wp-json\/wp\/v2\/pages"}],"about":[{"href":"https:\/\/www.cnasm.org.uy\/index.php\/wp-json\/wp\/v2\/types\/page"}],"author":[{"embeddable":true,"href":"https:\/\/www.cnasm.org.uy\/index.php\/wp-json\/wp\/v2\/users\/1"}],"replies":[{"embeddable":true,"href":"https:\/\/www.cnasm.org.uy\/index.php\/wp-json\/wp\/v2\/comments?post=1052"}],"version-history":[{"count":25,"href":"https:\/\/www.cnasm.org.uy\/index.php\/wp-json\/wp\/v2\/pages\/1052\/revisions"}],"predecessor-version":[{"id":1739,"href":"https:\/\/www.cnasm.org.uy\/index.php\/wp-json\/wp\/v2\/pages\/1052\/revisions\/1739"}],"wp:attachment":[{"href":"https:\/\/www.cnasm.org.uy\/index.php\/wp-json\/wp\/v2\/media?parent=1052"}],"curies":[{"name":"wp","href":"https:\/\/api.w.org\/{rel}","templated":true}]}}