{"id":1086,"date":"2023-11-24T14:34:34","date_gmt":"2023-11-24T13:34:34","guid":{"rendered":"http:\/\/www.chpp.org.uy\/?page_id=1086"},"modified":"2024-09-05T08:42:45","modified_gmt":"2024-09-05T11:42:45","slug":"programas","status":"publish","type":"page","link":"https:\/\/www.cnasm.org.uy\/index.php\/programas\/","title":{"rendered":"Programas"},"content":{"rendered":"\t\t<div data-elementor-type=\"wp-page\" data-elementor-id=\"1086\" class=\"elementor elementor-1086\">\n\t\t\t\t<div class=\"elementor-element elementor-element-9bb677e e-flex e-con-boxed e-con e-parent\" data-id=\"9bb677e\" data-element_type=\"container\">\n\t\t\t\t\t<div class=\"e-con-inner\">\n\t\t\t\t<div class=\"elementor-element elementor-element-53389f6 elementor-widget elementor-widget-heading\" data-id=\"53389f6\" data-element_type=\"widget\" data-widget_type=\"heading.default\">\n\t\t\t\t<div class=\"elementor-widget-container\">\n\t\t\t<h2 class=\"elementor-heading-title elementor-size-default\">Centro Diurno<\/h2>\t\t<\/div>\n\t\t\t\t<\/div>\n\t\t\t\t\t<\/div>\n\t\t\t\t<\/div>\n\t\t<div class=\"elementor-element elementor-element-47e9f34 e-flex e-con-boxed e-con e-parent\" data-id=\"47e9f34\" data-element_type=\"container\">\n\t\t\t\t\t<div class=\"e-con-inner\">\n\t\t<div class=\"elementor-element elementor-element-0ea8266 e-con-full e-flex e-con e-child\" data-id=\"0ea8266\" data-element_type=\"container\">\n\t\t\t\t<div class=\"elementor-element elementor-element-f7a06ae elementor-widget elementor-widget-image\" data-id=\"f7a06ae\" data-element_type=\"widget\" data-widget_type=\"image.default\">\n\t\t\t\t<div class=\"elementor-widget-container\">\n\t\t\t\t\t\t\t\t\t\t\t\t\t<img fetchpriority=\"high\" decoding=\"async\" width=\"1024\" height=\"643\" src=\"https:\/\/www.cnasm.org.uy\/wp-content\/uploads\/2023\/11\/Fachada-1024x643.png\" class=\"attachment-large size-large wp-image-957\" alt=\"\" \/>\t\t\t\t\t\t\t\t\t\t\t\t\t<\/div>\n\t\t\t\t<\/div>\n\t\t\t\t<div class=\"elementor-element elementor-element-5d2ada7 elementor-widget elementor-widget-button\" data-id=\"5d2ada7\" data-element_type=\"widget\" data-widget_type=\"button.default\">\n\t\t\t\t<div class=\"elementor-widget-container\">\n\t\t\t\t\t<div class=\"elementor-button-wrapper\">\n\t\t\t<a class=\"elementor-button elementor-button-link elementor-size-sm\" href=\"https:\/\/www.chpp.org.uy\/wp-content\/uploads\/2023\/12\/formulario2022.pdf\" target=\"_blank\">\n\t\t\t\t\t\t<span class=\"elementor-button-content-wrapper\">\n\t\t\t\t\t\t<span class=\"elementor-button-icon\">\n\t\t\t\t<svg aria-hidden=\"true\" class=\"e-font-icon-svg e-fas-file-download\" viewBox=\"0 0 384 512\" xmlns=\"http:\/\/www.w3.org\/2000\/svg\"><path d=\"M224 136V0H24C10.7 0 0 10.7 0 24v464c0 13.3 10.7 24 24 24h336c13.3 0 24-10.7 24-24V160H248c-13.2 0-24-10.8-24-24zm76.45 211.36l-96.42 95.7c-6.65 6.61-17.39 6.61-24.04 0l-96.42-95.7C73.42 337.29 80.54 320 94.82 320H160v-80c0-8.84 7.16-16 16-16h32c8.84 0 16 7.16 16 16v80h65.18c14.28 0 21.4 17.29 11.27 27.36zM377 105L279.1 7c-4.5-4.5-10.6-7-17-7H256v128h128v-6.1c0-6.3-2.5-12.4-7-16.9z\"><\/path><\/svg>\t\t\t<\/span>\n\t\t\t\t\t\t\t\t\t<span class=\"elementor-button-text\">Descarga el formulario de ingreso<\/span>\n\t\t\t\t\t<\/span>\n\t\t\t\t\t<\/a>\n\t\t<\/div>\n\t\t\t\t<\/div>\n\t\t\t\t<\/div>\n\t\t\t\t<\/div>\n\t\t<div class=\"elementor-element elementor-element-c320151 e-con-full e-flex e-con e-child\" data-id=\"c320151\" data-element_type=\"container\">\n\t\t\t\t<div class=\"elementor-element elementor-element-4fc43bb elementor-widget elementor-widget-text-editor\" data-id=\"4fc43bb\" data-element_type=\"widget\" data-widget_type=\"text-editor.default\">\n\t\t\t\t<div class=\"elementor-widget-container\">\n\t\t\t\t\t\t\t<p>El<strong>\u00a0Centro Diurno\u00a0<\/strong>trabaja sobre las necesidades de apoyo que la persona presenta para mejorar su funcionamiento promoviendo la inclusi\u00f3n socio comunitaria. Se organiza mediante la Planificaci\u00f3n Centrada en la Persona, por lo que se mantiene el trabajo por objetivos individuales. Realiza apoyos a la familia y\/o v\u00ednculos afectivos.<\/p>\t\t\t\t\t\t<\/div>\n\t\t\t\t<\/div>\n\t\t\t\t<div class=\"elementor-element elementor-element-6292933 elementor-widget elementor-widget-text-editor\" data-id=\"6292933\" data-element_type=\"widget\" data-widget_type=\"text-editor.default\">\n\t\t\t\t<div class=\"elementor-widget-container\">\n\t\t\t\t\t\t\t<p>El centro Diurno engloba y administra todos los programas de la instituci\u00f3n,\u00a0 depende de la Comisi\u00f3n Honoraria<\/p>\t\t\t\t\t\t<\/div>\n\t\t\t\t<\/div>\n\t\t\t\t<div class=\"elementor-element elementor-element-939f1dc elementor-widget elementor-widget-button\" data-id=\"939f1dc\" data-element_type=\"widget\" data-widget_type=\"button.default\">\n\t\t\t\t<div class=\"elementor-widget-container\">\n\t\t\t\t\t<div class=\"elementor-button-wrapper\">\n\t\t\t<a class=\"elementor-button elementor-button-link elementor-size-sm\" href=\"https:\/\/www.chpp.org.uy\/index.php\/centro-diurno\/\" target=\"_blank\">\n\t\t\t\t\t\t<span class=\"elementor-button-content-wrapper\">\n\t\t\t\t\t\t\t\t\t<span class=\"elementor-button-text\">Conoce m\u00e1s <\/span>\n\t\t\t\t\t<\/span>\n\t\t\t\t\t<\/a>\n\t\t<\/div>\n\t\t\t\t<\/div>\n\t\t\t\t<\/div>\n\t\t\t\t<\/div>\n\t\t\t\t\t<\/div>\n\t\t\t\t<\/div>\n\t\t<div class=\"elementor-element elementor-element-3f47f03 e-con-full e-flex e-con e-parent\" data-id=\"3f47f03\" data-element_type=\"container\">\n\t\t\t\t<div class=\"elementor-element elementor-element-48b21ac elementor-widget elementor-widget-heading\" data-id=\"48b21ac\" data-element_type=\"widget\" data-widget_type=\"heading.default\">\n\t\t\t\t<div class=\"elementor-widget-container\">\n\t\t\t<h2 class=\"elementor-heading-title elementor-size-default\">Programa de Vivienda<\/h2>\t\t<\/div>\n\t\t\t\t<\/div>\n\t\t\t\t<\/div>\n\t\t<div class=\"elementor-element elementor-element-aed0eff e-flex e-con-boxed e-con e-parent\" data-id=\"aed0eff\" data-element_type=\"container\" data-settings=\"{&quot;background_background&quot;:&quot;classic&quot;}\">\n\t\t\t\t\t<div class=\"e-con-inner\">\n\t\t<div class=\"elementor-element elementor-element-30a201e e-con-full e-flex e-con e-child\" data-id=\"30a201e\" data-element_type=\"container\">\n\t\t\t\t<div class=\"elementor-element elementor-element-b6c5870 elementor-widget elementor-widget-text-editor\" data-id=\"b6c5870\" data-element_type=\"widget\" data-widget_type=\"text-editor.default\">\n\t\t\t\t<div class=\"elementor-widget-container\">\n\t\t\t\t\t\t\t<p>El <strong>Programa Array\u00e1n<\/strong> es el programa de viviendas transitorias que estimula y apoya la autonom\u00eda. Se persigue como objetivo general la inclusi\u00f3n social para personas con discapacidad ps\u00edquica. Cuenta con varios dispositivos y diferentes objetivos como la pensi\u00f3n social, apartamentos supervisados y apoyos en domicilio.<\/p><p>Centra su intervenci\u00f3n en el funcionamiento psicosocial a trav\u00e9s de las relaciones vinculares de convivencia.<\/p>\t\t\t\t\t\t<\/div>\n\t\t\t\t<\/div>\n\t\t\t\t<div class=\"elementor-element elementor-element-3aed821 elementor-align-center elementor-widget elementor-widget-button\" data-id=\"3aed821\" data-element_type=\"widget\" data-widget_type=\"button.default\">\n\t\t\t\t<div class=\"elementor-widget-container\">\n\t\t\t\t\t<div class=\"elementor-button-wrapper\">\n\t\t\t<a class=\"elementor-button elementor-button-link elementor-size-sm\" href=\"https:\/\/www.chpp.org.uy\/index.php\/programa-arrayan\/\">\n\t\t\t\t\t\t<span class=\"elementor-button-content-wrapper\">\n\t\t\t\t\t\t\t\t\t<span class=\"elementor-button-text\">Conoce Mas<\/span>\n\t\t\t\t\t<\/span>\n\t\t\t\t\t<\/a>\n\t\t<\/div>\n\t\t\t\t<\/div>\n\t\t\t\t<\/div>\n\t\t\t\t<\/div>\n\t\t<div class=\"elementor-element elementor-element-69b8d4c e-con-full e-flex e-con e-child\" data-id=\"69b8d4c\" data-element_type=\"container\">\n\t\t\t\t<div class=\"elementor-element elementor-element-65c4bef elementor-widget elementor-widget-image\" data-id=\"65c4bef\" data-element_type=\"widget\" data-widget_type=\"image.default\">\n\t\t\t\t<div class=\"elementor-widget-container\">\n\t\t\t\t\t\t\t\t\t\t\t\t\t<img decoding=\"async\" width=\"768\" height=\"576\" src=\"https:\/\/www.cnasm.org.uy\/wp-content\/uploads\/2023\/11\/101_0359-768x576.jpg\" class=\"attachment-medium_large size-medium_large wp-image-1059\" alt=\"\" \/>\t\t\t\t\t\t\t\t\t\t\t\t\t<\/div>\n\t\t\t\t<\/div>\n\t\t\t\t<\/div>\n\t\t\t\t\t<\/div>\n\t\t\t\t<\/div>\n\t\t<div class=\"elementor-element elementor-element-9078ef2 e-flex e-con-boxed e-con e-parent\" data-id=\"9078ef2\" data-element_type=\"container\">\n\t\t\t\t\t<div class=\"e-con-inner\">\n\t\t\t\t<div class=\"elementor-element elementor-element-09638f7 elementor-widget elementor-widget-heading\" data-id=\"09638f7\" data-element_type=\"widget\" data-widget_type=\"heading.default\">\n\t\t\t\t<div class=\"elementor-widget-container\">\n\t\t\t<h2 class=\"elementor-heading-title elementor-size-default\">Programa de Trabajo<\/h2>\t\t<\/div>\n\t\t\t\t<\/div>\n\t\t\t\t\t<\/div>\n\t\t\t\t<\/div>\n\t\t<div class=\"elementor-element elementor-element-5ff8386 e-flex e-con-boxed e-con e-parent\" data-id=\"5ff8386\" data-element_type=\"container\">\n\t\t\t\t\t<div class=\"e-con-inner\">\n\t\t<div class=\"elementor-element elementor-element-d5f7510 e-con-full e-flex e-con e-child\" data-id=\"d5f7510\" data-element_type=\"container\">\n\t\t\t\t<div class=\"elementor-element elementor-element-560e08b elementor-widget elementor-widget-image\" data-id=\"560e08b\" data-element_type=\"widget\" data-widget_type=\"image.default\">\n\t\t\t\t<div class=\"elementor-widget-container\">\n\t\t\t\t\t\t\t\t\t\t\t\t\t<img decoding=\"async\" width=\"524\" height=\"600\" src=\"https:\/\/www.cnasm.org.uy\/wp-content\/uploads\/2024\/03\/IMG_20240216_113305-scaled-e1709831678910-1.jpg\" class=\"attachment-medium_large size-medium_large wp-image-1784\" alt=\"\" \/>\t\t\t\t\t\t\t\t\t\t\t\t\t<\/div>\n\t\t\t\t<\/div>\n\t\t\t\t<\/div>\n\t\t<div class=\"elementor-element elementor-element-69c3e1c e-con-full e-flex e-con e-child\" data-id=\"69c3e1c\" data-element_type=\"container\">\n\t\t\t\t<div class=\"elementor-element elementor-element-85a0c8a elementor-widget elementor-widget-text-editor\" data-id=\"85a0c8a\" data-element_type=\"widget\" data-widget_type=\"text-editor.default\">\n\t\t\t\t<div class=\"elementor-widget-container\">\n\t\t\t\t\t\t\t<p>\u00a0<\/p><p>El\u00a0<strong>Programa Ceibo<\/strong>\u00a0tiene por objetivo promover la inclusi\u00f3n laboral de las personas con necesidades de apoyo en el mercado abierto de trabajo. La metodolog\u00eda utilizada es el Empleo con Apoyo, a trav\u00e9s de la cual se busca incorporar a la persona en el mercado laboral y en igualdad de oportunidades. La tarea de nuestro equipo consiste en planificar individualmente con el futuro trabajador la b\u00fasqueda, la obtenci\u00f3n y el mantenimiento del empleo en empresas del mercado laboral abierto.<\/p><p>El dise\u00f1o de apoyos para la inclusi\u00f3n laboral es la estrategia que utilizamos para que las personas mejoren su calidad de vida.<\/p><p>Las familias son parte de este proceso, y acompa\u00f1an la planificaci\u00f3n centrada en la persona.<\/p><p>\u00a0<\/p>\t\t\t\t\t\t<\/div>\n\t\t\t\t<\/div>\n\t\t\t\t<div class=\"elementor-element elementor-element-4cc583c elementor-align-center elementor-widget elementor-widget-button\" data-id=\"4cc583c\" data-element_type=\"widget\" data-widget_type=\"button.default\">\n\t\t\t\t<div class=\"elementor-widget-container\">\n\t\t\t\t\t<div class=\"elementor-button-wrapper\">\n\t\t\t<a class=\"elementor-button elementor-button-link elementor-size-sm\" href=\"https:\/\/www.chpp.org.uy\/index.php\/programa-ceibo\/\">\n\t\t\t\t\t\t<span class=\"elementor-button-content-wrapper\">\n\t\t\t\t\t\t\t\t\t<span class=\"elementor-button-text\">Conoce M\u00e1s<\/span>\n\t\t\t\t\t<\/span>\n\t\t\t\t\t<\/a>\n\t\t<\/div>\n\t\t\t\t<\/div>\n\t\t\t\t<\/div>\n\t\t\t\t<\/div>\n\t\t\t\t\t<\/div>\n\t\t\t\t<\/div>\n\t\t<div class=\"elementor-element elementor-element-bc7c97b e-flex e-con-boxed e-con e-parent\" data-id=\"bc7c97b\" data-element_type=\"container\">\n\t\t\t\t\t<div class=\"e-con-inner\">\n\t\t\t\t<div class=\"elementor-element elementor-element-ebd6de4 elementor-widget elementor-widget-heading\" data-id=\"ebd6de4\" data-element_type=\"widget\" data-widget_type=\"heading.default\">\n\t\t\t\t<div class=\"elementor-widget-container\">\n\t\t\t<h2 class=\"elementor-heading-title elementor-size-default\">Registro RyM<\/h2>\t\t<\/div>\n\t\t\t\t<\/div>\n\t\t\t\t\t<\/div>\n\t\t\t\t<\/div>\n\t\t<div class=\"elementor-element elementor-element-98c5ca4 e-con-full e-flex e-con e-parent\" data-id=\"98c5ca4\" data-element_type=\"container\">\n\t\t<div class=\"elementor-element elementor-element-0a0350e e-flex e-con-boxed e-con e-child\" data-id=\"0a0350e\" data-element_type=\"container\">\n\t\t\t\t\t<div class=\"e-con-inner\">\n\t\t<div class=\"elementor-element elementor-element-1d9a86c e-flex e-con-boxed e-con e-child\" data-id=\"1d9a86c\" data-element_type=\"container\" data-settings=\"{&quot;background_background&quot;:&quot;classic&quot;}\">\n\t\t\t\t\t<div class=\"e-con-inner\">\n\t\t<div class=\"elementor-element elementor-element-bfa400c e-con-full e-flex e-con e-child\" data-id=\"bfa400c\" data-element_type=\"container\">\n\t\t\t\t<div class=\"elementor-element elementor-element-48a60f8 elementor-widget elementor-widget-text-editor\" data-id=\"48a60f8\" data-element_type=\"widget\" data-widget_type=\"text-editor.default\">\n\t\t\t\t<div class=\"elementor-widget-container\">\n\t\t\t\t\t\t\t<p>La\u00a0<strong><a href=\"https:\/\/www.impo.com.uy\/bases\/leyes\/13711-1968\">Ley n\u00famero<\/a><\/strong>\u00a0<strong>13.711\u00a0<\/strong>establece que los tutores legales de\u00a0<strong>menores con determinados impedimentos puedan cobrar asignaci\u00f3n doble<\/strong>.<\/p><p>El objeto del registro es\u00a0<strong>duplicar el monto de la asignaci\u00f3n familiar<\/strong>\u00a0para los beneficiarios con diagn\u00f3stico de retardo mental y\/o que padezcan otras formas de invalidez del aparato locomotor y huesos, viscerales, sensoriales o mentales.<\/p><p>Centra su intervenci\u00f3n en el funcionamiento psicosocial a trav\u00e9s de las relaciones vinculares de convivencia.<\/p>\t\t\t\t\t\t<\/div>\n\t\t\t\t<\/div>\n\t\t\t\t<div class=\"elementor-element elementor-element-047b009 elementor-align-center elementor-widget elementor-widget-button\" data-id=\"047b009\" data-element_type=\"widget\" data-widget_type=\"button.default\">\n\t\t\t\t<div class=\"elementor-widget-container\">\n\t\t\t\t\t<div class=\"elementor-button-wrapper\">\n\t\t\t<a class=\"elementor-button elementor-button-link elementor-size-sm\" href=\"https:\/\/www.cnasm.org.uy\/index.php\/registro\/\">\n\t\t\t\t\t\t<span class=\"elementor-button-content-wrapper\">\n\t\t\t\t\t\t\t\t\t<span class=\"elementor-button-text\">Conoce Mas<\/span>\n\t\t\t\t\t<\/span>\n\t\t\t\t\t<\/a>\n\t\t<\/div>\n\t\t\t\t<\/div>\n\t\t\t\t<\/div>\n\t\t\t\t<\/div>\n\t\t<div class=\"elementor-element elementor-element-7f89e26 e-con-full e-flex e-con e-child\" data-id=\"7f89e26\" data-element_type=\"container\">\n\t\t\t\t<div class=\"elementor-element elementor-element-c3999b7 elementor-widget elementor-widget-image\" data-id=\"c3999b7\" data-element_type=\"widget\" data-widget_type=\"image.default\">\n\t\t\t\t<div class=\"elementor-widget-container\">\n\t\t\t\t\t\t\t\t\t\t\t\t\t<img loading=\"lazy\" decoding=\"async\" width=\"768\" height=\"432\" src=\"https:\/\/www.cnasm.org.uy\/wp-content\/uploads\/2023\/11\/Registros-Medicos-1-768x432.jpg\" class=\"attachment-medium_large size-medium_large wp-image-946\" alt=\"\" \/>\t\t\t\t\t\t\t\t\t\t\t\t\t<\/div>\n\t\t\t\t<\/div>\n\t\t\t\t<\/div>\n\t\t\t\t\t<\/div>\n\t\t\t\t<\/div>\n\t\t\t\t\t<\/div>\n\t\t\t\t<\/div>\n\t\t\t\t<\/div>\n\t\t\t\t<\/div>\n\t\t","protected":false},"excerpt":{"rendered":"<p>Centro Diurno Descarga el formulario de ingreso El\u00a0Centro Diurno\u00a0trabaja sobre las necesidades de apoyo que la persona presenta para mejorar su funcionamiento promoviendo la inclusi\u00f3n socio comunitaria. Se organiza mediante la Planificaci\u00f3n Centrada en la Persona, por lo que se mantiene el trabajo por objetivos individuales. Realiza apoyos a la familia y\/o v\u00ednculos afectivos. El &hellip;<\/p>\n<p class=\"read-more\"> <a class=\"\" href=\"https:\/\/www.cnasm.org.uy\/index.php\/programas\/\"> <span class=\"screen-reader-text\">Programas<\/span> Leer m\u00e1s &raquo;<\/a><\/p>\n","protected":false},"author":1,"featured_media":0,"parent":0,"menu_order":0,"comment_status":"closed","ping_status":"closed","template":"","meta":{"_uag_custom_page_level_css":"","_uf_show_specific_survey":0,"_uf_disable_surveys":false,"site-sidebar-layout":"no-sidebar","site-content-layout":"page-builder","ast-site-content-layout":"full-width-container","site-content-style":"default","site-sidebar-style":"default","ast-global-header-display":"","ast-banner-title-visibility":"","ast-main-header-display":"","ast-hfb-above-header-display":"","ast-hfb-below-header-display":"","ast-hfb-mobile-header-display":"","site-post-title":"disabled","ast-breadcrumbs-content":"","ast-featured-img":"disabled","footer-sml-layout":"","theme-transparent-header-meta":"","adv-header-id-meta":"","stick-header-meta":"","header-above-stick-meta":"","header-main-stick-meta":"","header-below-stick-meta":"","astra-migrate-meta-layouts":"set","ast-page-background-enabled":"default","ast-page-background-meta":{"desktop":{"background-color":"","background-image":"","background-repeat":"repeat","background-position":"center center","background-size":"auto","background-attachment":"scroll","background-type":"","background-media":"","overlay-type":"","overlay-color":"","overlay-gradient":""},"tablet":{"background-color":"","background-image":"","background-repeat":"repeat","background-position":"center center","background-size":"auto","background-attachment":"scroll","background-type":"","background-media":"","overlay-type":"","overlay-color":"","overlay-gradient":""},"mobile":{"background-color":"","background-image":"","background-repeat":"repeat","background-position":"center center","background-size":"auto","background-attachment":"scroll","background-type":"","background-media":"","overlay-type":"","overlay-color":"","overlay-gradient":""}},"ast-content-background-meta":{"desktop":{"background-color":"var(--ast-global-color-5)","background-image":"","background-repeat":"repeat","background-position":"center center","background-size":"auto","background-attachment":"scroll","background-type":"","background-media":"","overlay-type":"","overlay-color":"","overlay-gradient":""},"tablet":{"background-color":"var(--ast-global-color-5)","background-image":"","background-repeat":"repeat","background-position":"center center","background-size":"auto","background-attachment":"scroll","background-type":"","background-media":"","overlay-type":"","overlay-color":"","overlay-gradient":""},"mobile":{"background-color":"var(--ast-global-color-5)","background-image":"","background-repeat":"repeat","background-position":"center center","background-size":"auto","background-attachment":"scroll","background-type":"","background-media":"","overlay-type":"","overlay-color":"","overlay-gradient":""}},"footnotes":""},"class_list":["post-1086","page","type-page","status-publish","hentry"],"aioseo_notices":[],"uagb_featured_image_src":{"full":false,"thumbnail":false,"medium":false,"medium_large":false,"large":false,"1536x1536":false,"2048x2048":false},"uagb_author_info":{"display_name":"Admin","author_link":"https:\/\/www.cnasm.org.uy\/index.php\/author\/admin\/"},"uagb_comment_info":0,"uagb_excerpt":"Centro Diurno Descarga el formulario de ingreso El\u00a0Centro Diurno\u00a0trabaja sobre las necesidades de apoyo que la persona presenta para mejorar su funcionamiento promoviendo la inclusi\u00f3n socio comunitaria. Se organiza mediante la Planificaci\u00f3n Centrada en la Persona, por lo que se mantiene el trabajo por objetivos individuales. Realiza apoyos a la familia y\/o v\u00ednculos afectivos. El&hellip;","rttpg_featured_image_url":null,"rttpg_author":{"display_name":"Admin","author_link":"https:\/\/www.cnasm.org.uy\/index.php\/author\/admin\/"},"rttpg_comment":0,"rttpg_category":null,"rttpg_excerpt":"Centro Diurno Descarga el formulario de ingreso El\u00a0Centro Diurno\u00a0trabaja sobre las necesidades de apoyo que la persona presenta para mejorar su funcionamiento promoviendo la inclusi\u00f3n socio comunitaria. Se organiza mediante la Planificaci\u00f3n Centrada en la Persona, por lo que se mantiene el trabajo por objetivos individuales. Realiza apoyos a la familia y\/o v\u00ednculos afectivos. El&hellip;","_links":{"self":[{"href":"https:\/\/www.cnasm.org.uy\/index.php\/wp-json\/wp\/v2\/pages\/1086","targetHints":{"allow":["GET"]}}],"collection":[{"href":"https:\/\/www.cnasm.org.uy\/index.php\/wp-json\/wp\/v2\/pages"}],"about":[{"href":"https:\/\/www.cnasm.org.uy\/index.php\/wp-json\/wp\/v2\/types\/page"}],"author":[{"embeddable":true,"href":"https:\/\/www.cnasm.org.uy\/index.php\/wp-json\/wp\/v2\/users\/1"}],"replies":[{"embeddable":true,"href":"https:\/\/www.cnasm.org.uy\/index.php\/wp-json\/wp\/v2\/comments?post=1086"}],"version-history":[{"count":61,"href":"https:\/\/www.cnasm.org.uy\/index.php\/wp-json\/wp\/v2\/pages\/1086\/revisions"}],"predecessor-version":[{"id":2191,"href":"https:\/\/www.cnasm.org.uy\/index.php\/wp-json\/wp\/v2\/pages\/1086\/revisions\/2191"}],"wp:attachment":[{"href":"https:\/\/www.cnasm.org.uy\/index.php\/wp-json\/wp\/v2\/media?parent=1086"}],"curies":[{"name":"wp","href":"https:\/\/api.w.org\/{rel}","templated":true}]}}