{"id":1155,"date":"2023-11-24T19:42:38","date_gmt":"2023-11-24T18:42:38","guid":{"rendered":"http:\/\/www.chpp.org.uy\/?page_id=1155"},"modified":"2025-08-22T10:20:52","modified_gmt":"2025-08-22T13:20:52","slug":"funcionarios-2","status":"publish","type":"page","link":"https:\/\/www.cnasm.org.uy\/index.php\/funcionarios-2\/","title":{"rendered":"Funcionarios"},"content":{"rendered":"\t\t<div data-elementor-type=\"wp-page\" data-elementor-id=\"1155\" class=\"elementor elementor-1155\">\n\t\t\t\t<div class=\"elementor-element elementor-element-0156a5a e-flex e-con-boxed e-con e-parent\" data-id=\"0156a5a\" data-element_type=\"container\">\n\t\t\t\t\t<div class=\"e-con-inner\">\n\t\t\t\t<div class=\"elementor-element elementor-element-90f2e99 elementor-widget elementor-widget-heading\" data-id=\"90f2e99\" data-element_type=\"widget\" data-widget_type=\"heading.default\">\n\t\t\t\t<div class=\"elementor-widget-container\">\n\t\t\t<h2 class=\"elementor-heading-title elementor-size-default\">Secci\u00f3n Funcionarios<\/h2>\t\t<\/div>\n\t\t\t\t<\/div>\n\t\t\t\t\t<\/div>\n\t\t\t\t<\/div>\n\t\t<div class=\"elementor-element elementor-element-9323fae e-flex e-con-boxed e-con e-parent\" data-id=\"9323fae\" data-element_type=\"container\">\n\t\t\t\t\t<div class=\"e-con-inner\">\n\t\t<div class=\"elementor-element elementor-element-514f6ba e-con-full e-flex e-con e-child\" data-id=\"514f6ba\" data-element_type=\"container\">\n\t\t\t\t<div class=\"elementor-element elementor-element-8916be8 elementor-widget elementor-widget-image\" data-id=\"8916be8\" data-element_type=\"widget\" data-widget_type=\"image.default\">\n\t\t\t\t<div class=\"elementor-widget-container\">\n\t\t\t\t\t\t\t\t\t\t\t\t\t<img fetchpriority=\"high\" decoding=\"async\" width=\"1280\" height=\"853\" src=\"https:\/\/www.cnasm.org.uy\/wp-content\/uploads\/2023\/11\/library-books-education-869061.jpg\" class=\"attachment-full size-full wp-image-1157\" alt=\"library, books, education-869061.jpg\" \/>\t\t\t\t\t\t\t\t\t\t\t\t\t<\/div>\n\t\t\t\t<\/div>\n\t\t\t\t<\/div>\n\t\t<div class=\"elementor-element elementor-element-8b23fe9 e-con-full e-flex e-con e-child\" data-id=\"8b23fe9\" data-element_type=\"container\">\n\t\t\t\t<div class=\"elementor-element elementor-element-1f4c314 elementor-widget elementor-widget-heading\" data-id=\"1f4c314\" data-element_type=\"widget\" data-widget_type=\"heading.default\">\n\t\t\t\t<div class=\"elementor-widget-container\">\n\t\t\t<h2 class=\"elementor-heading-title elementor-size-default\">Capacitaciones<\/h2>\t\t<\/div>\n\t\t\t\t<\/div>\n\t\t\t\t<div class=\"elementor-element elementor-element-1d9a35b elementor-widget elementor-widget-text-editor\" data-id=\"1d9a35b\" data-element_type=\"widget\" data-widget_type=\"text-editor.default\">\n\t\t\t\t<div class=\"elementor-widget-container\">\n\t\t\t\t\t\t\t<p>Accede a capacitaciones en salud mental<\/p>\t\t\t\t\t\t<\/div>\n\t\t\t\t<\/div>\n\t\t\t\t<div class=\"elementor-element elementor-element-e40d496 elementor-align-center elementor-widget elementor-widget-button\" data-id=\"e40d496\" data-element_type=\"widget\" data-widget_type=\"button.default\">\n\t\t\t\t<div class=\"elementor-widget-container\">\n\t\t\t\t\t<div class=\"elementor-button-wrapper\">\n\t\t\t<a class=\"elementor-button elementor-button-link elementor-size-sm\" href=\"#\">\n\t\t\t\t\t\t<span class=\"elementor-button-content-wrapper\">\n\t\t\t\t\t\t\t\t\t<span class=\"elementor-button-text\">Proximamente<\/span>\n\t\t\t\t\t<\/span>\n\t\t\t\t\t<\/a>\n\t\t<\/div>\n\t\t\t\t<\/div>\n\t\t\t\t<\/div>\n\t\t\t\t<\/div>\n\t\t\t\t\t<\/div>\n\t\t\t\t<\/div>\n\t\t<div class=\"elementor-element elementor-element-8be7ce0 e-flex e-con-boxed e-con e-parent\" data-id=\"8be7ce0\" data-element_type=\"container\">\n\t\t\t\t\t<div class=\"e-con-inner\">\n\t\t<div class=\"elementor-element elementor-element-e4d0ef2 e-con-full e-flex e-con e-child\" data-id=\"e4d0ef2\" data-element_type=\"container\">\n\t\t\t\t<div class=\"elementor-element elementor-element-f3f720c elementor-widget elementor-widget-heading\" data-id=\"f3f720c\" data-element_type=\"widget\" data-widget_type=\"heading.default\">\n\t\t\t\t<div class=\"elementor-widget-container\">\n\t\t\t<h2 class=\"elementor-heading-title elementor-size-default\">Recibo Electr\u00f3nico<\/h2>\t\t<\/div>\n\t\t\t\t<\/div>\n\t\t\t\t<div class=\"elementor-element elementor-element-9a77f5f elementor-widget elementor-widget-text-editor\" data-id=\"9a77f5f\" data-element_type=\"widget\" data-widget_type=\"text-editor.default\">\n\t\t\t\t<div class=\"elementor-widget-container\">\n\t\t\t\t\t\t\t<p>Si eres funcionario del CNASM podes acceder a tu recibo electr\u00f3nico (solo\u00a0 funcionarios)<\/p>\t\t\t\t\t\t<\/div>\n\t\t\t\t<\/div>\n\t\t\t\t<div class=\"elementor-element elementor-element-5fe9e13 elementor-align-center elementor-widget elementor-widget-button\" data-id=\"5fe9e13\" data-element_type=\"widget\" data-widget_type=\"button.default\">\n\t\t\t\t<div class=\"elementor-widget-container\">\n\t\t\t\t\t<div class=\"elementor-button-wrapper\">\n\t\t\t<a class=\"elementor-button elementor-button-link elementor-size-sm\" href=\"https:\/\/consultatusrecibos.uy\/\">\n\t\t\t\t\t\t<span class=\"elementor-button-content-wrapper\">\n\t\t\t\t\t\t\t\t\t<span class=\"elementor-button-text\">Ir a web de recibos<\/span>\n\t\t\t\t\t<\/span>\n\t\t\t\t\t<\/a>\n\t\t<\/div>\n\t\t\t\t<\/div>\n\t\t\t\t<\/div>\n\t\t\t\t<div class=\"elementor-element elementor-element-1b7d620 elementor-widget elementor-widget-text-editor\" data-id=\"1b7d620\" data-element_type=\"widget\" data-widget_type=\"text-editor.default\">\n\t\t\t\t<div class=\"elementor-widget-container\">\n\t\t\t\t\t\t\t<p><strong>\u00bfNo podes acceder a tu cuenta de recibos electr\u00f3nicos?<\/strong><\/p><p>Env\u00eda un correo a <strong><a href=\"informatica@chpp.org.uy\">informatica@chpp.org.uy<\/a><\/strong> comunicando tu inconveniente y lo resolveremos a la brevedad.<\/p>\t\t\t\t\t\t<\/div>\n\t\t\t\t<\/div>\n\t\t\t\t<\/div>\n\t\t<div class=\"elementor-element elementor-element-ca74172 e-con-full e-flex e-con e-child\" data-id=\"ca74172\" data-element_type=\"container\">\n\t\t\t\t<div class=\"elementor-element elementor-element-6299377 elementor-widget elementor-widget-image\" data-id=\"6299377\" data-element_type=\"widget\" data-widget_type=\"image.default\">\n\t\t\t\t<div class=\"elementor-widget-container\">\n\t\t\t\t\t\t\t\t\t\t\t\t\t<img decoding=\"async\" width=\"449\" height=\"485\" src=\"https:\/\/www.cnasm.org.uy\/wp-content\/uploads\/2023\/11\/recibo.png\" class=\"attachment-large size-large wp-image-1158\" alt=\"\" \/>\t\t\t\t\t\t\t\t\t\t\t\t\t<\/div>\n\t\t\t\t<\/div>\n\t\t\t\t<\/div>\n\t\t\t\t\t<\/div>\n\t\t\t\t<\/div>\n\t\t<div class=\"elementor-element elementor-element-5d0148f e-flex e-con-boxed e-con e-parent\" data-id=\"5d0148f\" data-element_type=\"container\">\n\t\t\t\t\t<div class=\"e-con-inner\">\n\t\t\t\t<div class=\"elementor-element elementor-element-bfc952e elementor-widget elementor-widget-heading\" data-id=\"bfc952e\" data-element_type=\"widget\" data-widget_type=\"heading.default\">\n\t\t\t\t<div class=\"elementor-widget-container\">\n\t\t\t<h2 class=\"elementor-heading-title elementor-size-default\">Enlace a control de Marcas Personales (hasta Julio 2025)<\/h2>\t\t<\/div>\n\t\t\t\t<\/div>\n\t\t\t\t<div class=\"elementor-element elementor-element-f2f8e55 elementor-align-center elementor-widget elementor-widget-button\" data-id=\"f2f8e55\" data-element_type=\"widget\" data-widget_type=\"button.default\">\n\t\t\t\t<div class=\"elementor-widget-container\">\n\t\t\t\t\t<div class=\"elementor-button-wrapper\">\n\t\t\t<a class=\"elementor-button elementor-button-link elementor-size-sm\" href=\"http:\/\/patronato.asse.uy\/fsaweb\/Default.aspx\">\n\t\t\t\t\t\t<span class=\"elementor-button-content-wrapper\">\n\t\t\t\t\t\t\t\t\t<span class=\"elementor-button-text\">MARCAS<\/span>\n\t\t\t\t\t<\/span>\n\t\t\t\t\t<\/a>\n\t\t<\/div>\n\t\t\t\t<\/div>\n\t\t\t\t<\/div>\n\t\t\t\t\t<\/div>\n\t\t\t\t<\/div>\n\t\t<div class=\"elementor-element elementor-element-7fb2e16 e-flex e-con-boxed e-con e-parent\" data-id=\"7fb2e16\" data-element_type=\"container\">\n\t\t\t\t\t<div class=\"e-con-inner\">\n\t\t\t\t<div class=\"elementor-element elementor-element-ef18f1f elementor-widget elementor-widget-heading\" data-id=\"ef18f1f\" data-element_type=\"widget\" data-widget_type=\"heading.default\">\n\t\t\t\t<div class=\"elementor-widget-container\">\n\t\t\t<h2 class=\"elementor-heading-title elementor-size-default\">Enlace a control de Marcas Personales (Desde Agosto 2025)<\/h2>\t\t<\/div>\n\t\t\t\t<\/div>\n\t\t\t\t<div class=\"elementor-element elementor-element-fb099ed elementor-align-center elementor-widget elementor-widget-button\" data-id=\"fb099ed\" data-element_type=\"widget\" data-widget_type=\"button.default\">\n\t\t\t\t<div class=\"elementor-widget-container\">\n\t\t\t\t\t<div class=\"elementor-button-wrapper\">\n\t\t\t<a class=\"elementor-button elementor-button-link elementor-size-sm\" href=\"https:\/\/portalpro.fsclock.com\/auth\/autocon\/\">\n\t\t\t\t\t\t<span class=\"elementor-button-content-wrapper\">\n\t\t\t\t\t\t\t\t\t<span class=\"elementor-button-text\">MARCAS<\/span>\n\t\t\t\t\t<\/span>\n\t\t\t\t\t<\/a>\n\t\t<\/div>\n\t\t\t\t<\/div>\n\t\t\t\t<\/div>\n\t\t\t\t\t<\/div>\n\t\t\t\t<\/div>\n\t\t<div class=\"elementor-element elementor-element-79faf36 e-flex e-con-boxed e-con e-parent\" data-id=\"79faf36\" data-element_type=\"container\">\n\t\t\t\t\t<div class=\"e-con-inner\">\n\t\t<div class=\"elementor-element elementor-element-e0820c6 e-con-full e-flex e-con e-child\" data-id=\"e0820c6\" data-element_type=\"container\">\n\t\t\t\t<div class=\"elementor-element elementor-element-694cee4 elementor-widget elementor-widget-heading\" data-id=\"694cee4\" data-element_type=\"widget\" data-widget_type=\"heading.default\">\n\t\t\t\t<div class=\"elementor-widget-container\">\n\t\t\t<h3 class=\"elementor-heading-title elementor-size-default\">Correo institucional Centro Martinez Visca<\/h3>\t\t<\/div>\n\t\t\t\t<\/div>\n\t\t\t\t<div class=\"elementor-element elementor-element-1ca28e2 elementor-align-center elementor-widget elementor-widget-button\" data-id=\"1ca28e2\" data-element_type=\"widget\" data-widget_type=\"button.default\">\n\t\t\t\t<div class=\"elementor-widget-container\">\n\t\t\t\t\t<div class=\"elementor-button-wrapper\">\n\t\t\t<a class=\"elementor-button elementor-button-link elementor-size-sm\" href=\"http:\/\/centromartinezvisca.org.uy\/webmail\">\n\t\t\t\t\t\t<span class=\"elementor-button-content-wrapper\">\n\t\t\t\t\t\t\t\t\t<span class=\"elementor-button-text\">Inicia Sesi\u00f3n<\/span>\n\t\t\t\t\t<\/span>\n\t\t\t\t\t<\/a>\n\t\t<\/div>\n\t\t\t\t<\/div>\n\t\t\t\t<\/div>\n\t\t\t\t<\/div>\n\t\t<div class=\"elementor-element elementor-element-bc14684 e-con-full e-flex e-con e-child\" data-id=\"bc14684\" data-element_type=\"container\">\n\t\t\t\t<div class=\"elementor-element elementor-element-9ec08f6 elementor-widget elementor-widget-heading\" data-id=\"9ec08f6\" data-element_type=\"widget\" data-widget_type=\"heading.default\">\n\t\t\t\t<div class=\"elementor-widget-container\">\n\t\t\t<h3 class=\"elementor-heading-title elementor-size-default\">Correo institucional CONASAM (CNASM)<\/h3>\t\t<\/div>\n\t\t\t\t<\/div>\n\t\t\t\t<div class=\"elementor-element elementor-element-202e114 elementor-align-center elementor-widget elementor-widget-button\" data-id=\"202e114\" data-element_type=\"widget\" data-widget_type=\"button.default\">\n\t\t\t\t<div class=\"elementor-widget-container\">\n\t\t\t\t\t<div class=\"elementor-button-wrapper\">\n\t\t\t<a class=\"elementor-button elementor-button-link elementor-size-sm\" href=\"https:\/\/cnasm.org.uy\/webmail\">\n\t\t\t\t\t\t<span class=\"elementor-button-content-wrapper\">\n\t\t\t\t\t\t\t\t\t<span class=\"elementor-button-text\">Inicia Sesi\u00f3n <\/span>\n\t\t\t\t\t<\/span>\n\t\t\t\t\t<\/a>\n\t\t<\/div>\n\t\t\t\t<\/div>\n\t\t\t\t<\/div>\n\t\t\t\t<\/div>\n\t\t\t\t\t<\/div>\n\t\t\t\t<\/div>\n\t\t<div class=\"elementor-element elementor-element-2413413 e-grid e-con-boxed e-con e-parent\" data-id=\"2413413\" data-element_type=\"container\">\n\t\t\t\t\t<div class=\"e-con-inner\">\n\t\t\t\t<div class=\"elementor-element elementor-element-32bd3a1 elementor-widget elementor-widget-heading\" data-id=\"32bd3a1\" data-element_type=\"widget\" data-widget_type=\"heading.default\">\n\t\t\t\t<div class=\"elementor-widget-container\">\n\t\t\t<h2 class=\"elementor-heading-title elementor-size-default\">Acceso a SISEM (prueba)<\/h2>\t\t<\/div>\n\t\t\t\t<\/div>\n\t\t\t\t<div class=\"elementor-element elementor-element-7176086 elementor-align-center elementor-widget elementor-widget-button\" data-id=\"7176086\" data-element_type=\"widget\" data-widget_type=\"button.default\">\n\t\t\t\t<div class=\"elementor-widget-container\">\n\t\t\t\t\t<div class=\"elementor-button-wrapper\">\n\t\t\t<a class=\"elementor-button elementor-button-link elementor-size-sm\" href=\"https:\/\/sisem-dbhuaee6b4afdfa4.canadacentral-01.azurewebsites.net\/\">\n\t\t\t\t\t\t<span class=\"elementor-button-content-wrapper\">\n\t\t\t\t\t\t\t\t\t<span class=\"elementor-button-text\">Ingreso a SISEM<\/span>\n\t\t\t\t\t<\/span>\n\t\t\t\t\t<\/a>\n\t\t<\/div>\n\t\t\t\t<\/div>\n\t\t\t\t<\/div>\n\t\t\t\t<div class=\"elementor-element elementor-element-dea17aa elementor-widget elementor-widget-text-editor\" data-id=\"dea17aa\" data-element_type=\"widget\" data-widget_type=\"text-editor.default\">\n\t\t\t\t<div class=\"elementor-widget-container\">\n\t\t\t\t\t\t\t<p><strong>Solo puede acceder al sistema de prueba de SISEM mediante una invitaci\u00f3n, puede solicitar dicha invitacion en direcci\u00f3n t\u00e9cnica, le llegar\u00e1 un correo electr\u00f3nico donde se le proporciona su nombre de usuario y el enlace para seleccionar su contrase\u00f1a.<\/strong><br \/><strong>Luego de esos pasos podr\u00e1 acceder a la prueba de SISEM<\/strong><\/p>\t\t\t\t\t\t<\/div>\n\t\t\t\t<\/div>\n\t\t\t\t\t<\/div>\n\t\t\t\t<\/div>\n\t\t\t\t<\/div>\n\t\t","protected":false},"excerpt":{"rendered":"<p>Secci\u00f3n Funcionarios Capacitaciones Accede a capacitaciones en salud mental Proximamente Recibo Electr\u00f3nico Si eres funcionario del CNASM podes acceder a tu recibo electr\u00f3nico (solo\u00a0 funcionarios) Ir a web de recibos \u00bfNo podes acceder a tu cuenta de recibos electr\u00f3nicos? Env\u00eda un correo a informatica@chpp.org.uy comunicando tu inconveniente y lo resolveremos a la brevedad. Enlace a &hellip;<\/p>\n<p class=\"read-more\"> <a class=\"\" href=\"https:\/\/www.cnasm.org.uy\/index.php\/funcionarios-2\/\"> <span class=\"screen-reader-text\">Funcionarios<\/span> Leer m\u00e1s &raquo;<\/a><\/p>\n","protected":false},"author":1,"featured_media":0,"parent":0,"menu_order":0,"comment_status":"closed","ping_status":"closed","template":"","meta":{"_uag_custom_page_level_css":"","_uf_show_specific_survey":0,"_uf_disable_surveys":false,"site-sidebar-layout":"no-sidebar","site-content-layout":"page-builder","ast-site-content-layout":"full-width-container","site-content-style":"default","site-sidebar-style":"default","ast-global-header-display":"","ast-banner-title-visibility":"","ast-main-header-display":"","ast-hfb-above-header-display":"","ast-hfb-below-header-display":"","ast-hfb-mobile-header-display":"","site-post-title":"disabled","ast-breadcrumbs-content":"","ast-featured-img":"disabled","footer-sml-layout":"","theme-transparent-header-meta":"","adv-header-id-meta":"","stick-header-meta":"","header-above-stick-meta":"","header-main-stick-meta":"","header-below-stick-meta":"","astra-migrate-meta-layouts":"default","ast-page-background-enabled":"default","ast-page-background-meta":{"desktop":{"background-color":"","background-image":"","background-repeat":"repeat","background-position":"center center","background-size":"auto","background-attachment":"scroll","background-type":"","background-media":"","overlay-type":"","overlay-color":"","overlay-gradient":""},"tablet":{"background-color":"","background-image":"","background-repeat":"repeat","background-position":"center center","background-size":"auto","background-attachment":"scroll","background-type":"","background-media":"","overlay-type":"","overlay-color":"","overlay-gradient":""},"mobile":{"background-color":"","background-image":"","background-repeat":"repeat","background-position":"center center","background-size":"auto","background-attachment":"scroll","background-type":"","background-media":"","overlay-type":"","overlay-color":"","overlay-gradient":""}},"ast-content-background-meta":{"desktop":{"background-color":"var(--ast-global-color-5)","background-image":"","background-repeat":"repeat","background-position":"center center","background-size":"auto","background-attachment":"scroll","background-type":"","background-media":"","overlay-type":"","overlay-color":"","overlay-gradient":""},"tablet":{"background-color":"var(--ast-global-color-5)","background-image":"","background-repeat":"repeat","background-position":"center center","background-size":"auto","background-attachment":"scroll","background-type":"","background-media":"","overlay-type":"","overlay-color":"","overlay-gradient":""},"mobile":{"background-color":"var(--ast-global-color-5)","background-image":"","background-repeat":"repeat","background-position":"center center","background-size":"auto","background-attachment":"scroll","background-type":"","background-media":"","overlay-type":"","overlay-color":"","overlay-gradient":""}},"footnotes":""},"class_list":["post-1155","page","type-page","status-publish","hentry"],"aioseo_notices":[],"uagb_featured_image_src":{"full":false,"thumbnail":false,"medium":false,"medium_large":false,"large":false,"1536x1536":false,"2048x2048":false},"uagb_author_info":{"display_name":"Admin","author_link":"https:\/\/www.cnasm.org.uy\/index.php\/author\/admin\/"},"uagb_comment_info":0,"uagb_excerpt":"Secci\u00f3n Funcionarios Capacitaciones Accede a capacitaciones en salud mental Proximamente Recibo Electr\u00f3nico Si eres funcionario del CNASM podes acceder a tu recibo electr\u00f3nico (solo\u00a0 funcionarios) Ir a web de recibos \u00bfNo podes acceder a tu cuenta de recibos electr\u00f3nicos? Env\u00eda un correo a informatica@chpp.org.uy comunicando tu inconveniente y lo resolveremos a la brevedad. Enlace a&hellip;","rttpg_featured_image_url":null,"rttpg_author":{"display_name":"Admin","author_link":"https:\/\/www.cnasm.org.uy\/index.php\/author\/admin\/"},"rttpg_comment":0,"rttpg_category":null,"rttpg_excerpt":"Secci\u00f3n Funcionarios Capacitaciones Accede a capacitaciones en salud mental Proximamente Recibo Electr\u00f3nico Si eres funcionario del CNASM podes acceder a tu recibo electr\u00f3nico (solo\u00a0 funcionarios) Ir a web de recibos \u00bfNo podes acceder a tu cuenta de recibos electr\u00f3nicos? Env\u00eda un correo a informatica@chpp.org.uy comunicando tu inconveniente y lo resolveremos a la brevedad. Enlace a&hellip;","_links":{"self":[{"href":"https:\/\/www.cnasm.org.uy\/index.php\/wp-json\/wp\/v2\/pages\/1155","targetHints":{"allow":["GET"]}}],"collection":[{"href":"https:\/\/www.cnasm.org.uy\/index.php\/wp-json\/wp\/v2\/pages"}],"about":[{"href":"https:\/\/www.cnasm.org.uy\/index.php\/wp-json\/wp\/v2\/types\/page"}],"author":[{"embeddable":true,"href":"https:\/\/www.cnasm.org.uy\/index.php\/wp-json\/wp\/v2\/users\/1"}],"replies":[{"embeddable":true,"href":"https:\/\/www.cnasm.org.uy\/index.php\/wp-json\/wp\/v2\/comments?post=1155"}],"version-history":[{"count":34,"href":"https:\/\/www.cnasm.org.uy\/index.php\/wp-json\/wp\/v2\/pages\/1155\/revisions"}],"predecessor-version":[{"id":2232,"href":"https:\/\/www.cnasm.org.uy\/index.php\/wp-json\/wp\/v2\/pages\/1155\/revisions\/2232"}],"wp:attachment":[{"href":"https:\/\/www.cnasm.org.uy\/index.php\/wp-json\/wp\/v2\/media?parent=1155"}],"curies":[{"name":"wp","href":"https:\/\/api.w.org\/{rel}","templated":true}]}}