{"id":1294,"date":"2023-12-19T16:36:41","date_gmt":"2023-12-19T15:36:41","guid":{"rendered":"https:\/\/www.chpp.org.uy\/?page_id=1294"},"modified":"2024-05-15T10:10:24","modified_gmt":"2024-05-15T13:10:24","slug":"centro-diurno","status":"publish","type":"page","link":"https:\/\/www.cnasm.org.uy\/index.php\/centro-diurno\/","title":{"rendered":"Centro Diurno"},"content":{"rendered":"\t\t<div data-elementor-type=\"wp-page\" data-elementor-id=\"1294\" class=\"elementor elementor-1294\">\n\t\t\t\t<div class=\"elementor-element elementor-element-8360767 e-flex e-con-boxed e-con e-parent\" data-id=\"8360767\" data-element_type=\"container\">\n\t\t\t\t\t<div class=\"e-con-inner\">\n\t\t\t\t<div class=\"elementor-element elementor-element-78273c9 elementor-widget elementor-widget-heading\" data-id=\"78273c9\" data-element_type=\"widget\" data-widget_type=\"heading.default\">\n\t\t\t\t<div class=\"elementor-widget-container\">\n\t\t\t<h2 class=\"elementor-heading-title elementor-size-large\">Centro Diurno <\/h2>\t\t<\/div>\n\t\t\t\t<\/div>\n\t\t\t\t\t<\/div>\n\t\t\t\t<\/div>\n\t\t<div class=\"elementor-element elementor-element-82def54 e-flex e-con-boxed e-con e-parent\" data-id=\"82def54\" data-element_type=\"container\">\n\t\t\t\t\t<div class=\"e-con-inner\">\n\t\t\t\t<div class=\"elementor-element elementor-element-a0dfe33 elementor-widget elementor-widget-text-editor\" data-id=\"a0dfe33\" data-element_type=\"widget\" data-widget_type=\"text-editor.default\">\n\t\t\t\t<div class=\"elementor-widget-container\">\n\t\t\t\t\t\t\t<div class=\"elementor-element elementor-element-4fc43bb elementor-widget elementor-widget-text-editor\" data-id=\"4fc43bb\" data-element_type=\"widget\" data-widget_type=\"text-editor.default\"><div class=\"elementor-widget-container\"><p>El<strong>\u00a0Centro Diurno\u00a0<\/strong>trabaja sobre las necesidades de<strong> apoyo <\/strong>que la persona presenta para mejorar su funcionamiento <strong>promoviendo la inclusi\u00f3n socio comunitaria<\/strong>. Se organiza mediante la <strong>Planificaci\u00f3n Centrada en la Persona<\/strong>, por lo que se mantiene el <strong>trabajo por objetivos individuales<\/strong>. Realiza apoyos a la <strong>familia y\/o v\u00ednculos afectivo<\/strong>s.<\/p><\/div><p><strong>La atenci\u00f3n que se brinda en este centro es gratuita<\/strong>, las personas que se benefician de sus servicios\u00a0<strong>pueden proceder de prestadores tanto p\u00fablicos como privados o haber sido derivadas de otros centros<\/strong>\u00a0diurnos de atenci\u00f3n. En todos los casos se estudia espec\u00edficamente cu\u00e1l de las propuestas que tiene el centro le ser\u00e1 m\u00e1s beneficiosa a la persona para luego integrarla en un trabajo que se hace, en conjunto y teniendo en cuenta, al c\u00edrculo afectivo cercano que juega un papel fundamental en su progreso. El objetivo final es lograr que la persona de independice y logre tomar las decisiones de su propia vida con libertad; <strong>el prop\u00f3sito es conseguir personas autov\u00e1lidas en todos los aspectos.<\/strong><\/p><\/div><div class=\"elementor-element elementor-element-6292933 elementor-widget elementor-widget-text-editor\" data-id=\"6292933\" data-element_type=\"widget\" data-widget_type=\"text-editor.default\"><div class=\"elementor-widget-container\"><p>El centro Diurno engloba y administra todos los programas de la instituci\u00f3n,\u00a0 depende de la Comisi\u00f3n Nacional de Apoyo a la Salud Mental<\/p><\/div><\/div>\t\t\t\t\t\t<\/div>\n\t\t\t\t<\/div>\n\t\t\t\t<div class=\"elementor-element elementor-element-7a44678 elementor-widget elementor-widget-heading\" data-id=\"7a44678\" data-element_type=\"widget\" data-widget_type=\"heading.default\">\n\t\t\t\t<div class=\"elementor-widget-container\">\n\t\t\t<h4 class=\"elementor-heading-title elementor-size-default\">El centro Diurno se organiza en grupos<\/h4>\t\t<\/div>\n\t\t\t\t<\/div>\n\t\t\t\t\t<\/div>\n\t\t\t\t<\/div>\n\t\t<div class=\"elementor-element elementor-element-f3e803f e-flex e-con-boxed e-con e-parent\" data-id=\"f3e803f\" data-element_type=\"container\">\n\t\t\t\t\t<div class=\"e-con-inner\">\n\t\t\t\t<div class=\"elementor-element elementor-element-49f6f71 elementor-icon-list--layout-traditional elementor-list-item-link-full_width elementor-widget elementor-widget-icon-list\" data-id=\"49f6f71\" data-element_type=\"widget\" data-widget_type=\"icon-list.default\">\n\t\t\t\t<div class=\"elementor-widget-container\">\n\t\t\t\t\t<ul class=\"elementor-icon-list-items\">\n\t\t\t\t\t\t\t<li class=\"elementor-icon-list-item\">\n\t\t\t\t\t\t\t\t\t\t\t<span class=\"elementor-icon-list-icon\">\n\t\t\t\t\t\t\t<svg aria-hidden=\"true\" class=\"e-font-icon-svg e-fas-circle\" viewBox=\"0 0 512 512\" xmlns=\"http:\/\/www.w3.org\/2000\/svg\"><path d=\"M256 8C119 8 8 119 8 256s111 248 248 248 248-111 248-248S393 8 256 8z\"><\/path><\/svg>\t\t\t\t\t\t<\/span>\n\t\t\t\t\t\t\t\t\t\t<span class=\"elementor-icon-list-text\">Pind\u00f3: Atencion a personas Jovenes de entre 18 y 25 a\u00f1os<\/span>\n\t\t\t\t\t\t\t\t\t<\/li>\n\t\t\t\t\t\t\t\t<li class=\"elementor-icon-list-item\">\n\t\t\t\t\t\t\t\t\t\t\t<span class=\"elementor-icon-list-icon\">\n\t\t\t\t\t\t\t<svg aria-hidden=\"true\" class=\"e-font-icon-svg e-fas-circle\" viewBox=\"0 0 512 512\" xmlns=\"http:\/\/www.w3.org\/2000\/svg\"><path d=\"M256 8C119 8 8 119 8 256s111 248 248 248 248-111 248-248S393 8 256 8z\"><\/path><\/svg>\t\t\t\t\t\t<\/span>\n\t\t\t\t\t\t\t\t\t\t<span class=\"elementor-icon-list-text\">Laurel: personas con necesidades de apoyo leve y moderada en su funcionamiento cognitivo, entre 25 y 60 a\u00f1os.<\/span>\n\t\t\t\t\t\t\t\t\t<\/li>\n\t\t\t\t\t\t\t\t<li class=\"elementor-icon-list-item\">\n\t\t\t\t\t\t\t\t\t\t\t<span class=\"elementor-icon-list-icon\">\n\t\t\t\t\t\t\t<svg aria-hidden=\"true\" class=\"e-font-icon-svg e-fas-circle\" viewBox=\"0 0 512 512\" xmlns=\"http:\/\/www.w3.org\/2000\/svg\"><path d=\"M256 8C119 8 8 119 8 256s111 248 248 248 248-111 248-248S393 8 256 8z\"><\/path><\/svg>\t\t\t\t\t\t<\/span>\n\t\t\t\t\t\t\t\t\t\t<span class=\"elementor-icon-list-text\">Omb\u00fa: personas con necesidades de apoyo a partir de los 60 a\u00f1os y en adelante.<\/span>\n\t\t\t\t\t\t\t\t\t<\/li>\n\t\t\t\t\t\t\t\t<li class=\"elementor-icon-list-item\">\n\t\t\t\t\t\t\t\t\t\t\t<span class=\"elementor-icon-list-icon\">\n\t\t\t\t\t\t\t<svg aria-hidden=\"true\" class=\"e-font-icon-svg e-fas-circle\" viewBox=\"0 0 512 512\" xmlns=\"http:\/\/www.w3.org\/2000\/svg\"><path d=\"M256 8C119 8 8 119 8 256s111 248 248 248 248-111 248-248S393 8 256 8z\"><\/path><\/svg>\t\t\t\t\t\t<\/span>\n\t\t\t\t\t\t\t\t\t\t<span class=\"elementor-icon-list-text\">Sarand\u00ed: personas que ya realizaron un proceso en nuetraa instituci\u00f3n o en otra, que requieran de un grupo de referencia.<\/span>\n\t\t\t\t\t\t\t\t\t<\/li>\n\t\t\t\t\t\t<\/ul>\n\t\t\t\t<\/div>\n\t\t\t\t<\/div>\n\t\t<div class=\"elementor-element elementor-element-b99efbc e-flex e-con-boxed e-con e-child\" data-id=\"b99efbc\" data-element_type=\"container\">\n\t\t\t\t\t<div class=\"e-con-inner\">\n\t\t<div class=\"elementor-element elementor-element-e1cc700 e-con-full e-flex e-con e-child\" data-id=\"e1cc700\" data-element_type=\"container\">\n\t\t\t\t<div class=\"elementor-element elementor-element-0258a8b elementor-view-default elementor-widget elementor-widget-icon\" data-id=\"0258a8b\" data-element_type=\"widget\" data-widget_type=\"icon.default\">\n\t\t\t\t<div class=\"elementor-widget-container\">\n\t\t\t\t\t<div class=\"elementor-icon-wrapper\">\n\t\t\t<div class=\"elementor-icon\">\n\t\t\t<svg aria-hidden=\"true\" class=\"e-font-icon-svg e-far-smile\" viewBox=\"0 0 496 512\" xmlns=\"http:\/\/www.w3.org\/2000\/svg\"><path d=\"M248 8C111 8 0 119 0 256s111 248 248 248 248-111 248-248S385 8 248 8zm0 448c-110.3 0-200-89.7-200-200S137.7 56 248 56s200 89.7 200 200-89.7 200-200 200zm-80-216c17.7 0 32-14.3 32-32s-14.3-32-32-32-32 14.3-32 32 14.3 32 32 32zm160 0c17.7 0 32-14.3 32-32s-14.3-32-32-32-32 14.3-32 32 14.3 32 32 32zm4 72.6c-20.8 25-51.5 39.4-84 39.4s-63.2-14.3-84-39.4c-8.5-10.2-23.7-11.5-33.8-3.1-10.2 8.5-11.5 23.6-3.1 33.8 30 36 74.1 56.6 120.9 56.6s90.9-20.6 120.9-56.6c8.5-10.2 7.1-25.3-3.1-33.8-10.1-8.4-25.3-7.1-33.8 3.1z\"><\/path><\/svg>\t\t\t<\/div>\n\t\t<\/div>\n\t\t\t\t<\/div>\n\t\t\t\t<\/div>\n\t\t\t\t<div class=\"elementor-element elementor-element-accfaa9 elementor-widget elementor-widget-text-editor\" data-id=\"accfaa9\" data-element_type=\"widget\" data-widget_type=\"text-editor.default\">\n\t\t\t\t<div class=\"elementor-widget-container\">\n\t\t\t\t\t\t\t<p>Atenci\u00f3n Personalizada<\/p>\t\t\t\t\t\t<\/div>\n\t\t\t\t<\/div>\n\t\t\t\t<\/div>\n\t\t<div class=\"elementor-element elementor-element-a7557e1 e-con-full e-flex e-con e-child\" data-id=\"a7557e1\" data-element_type=\"container\">\n\t\t\t\t<div class=\"elementor-element elementor-element-3192cc7 elementor-view-default elementor-widget elementor-widget-icon\" data-id=\"3192cc7\" data-element_type=\"widget\" data-widget_type=\"icon.default\">\n\t\t\t\t<div class=\"elementor-widget-container\">\n\t\t\t\t\t<div class=\"elementor-icon-wrapper\">\n\t\t\t<div class=\"elementor-icon\">\n\t\t\t<svg aria-hidden=\"true\" class=\"e-font-icon-svg e-fas-restroom\" viewBox=\"0 0 640 512\" xmlns=\"http:\/\/www.w3.org\/2000\/svg\"><path d=\"M128 128c35.3 0 64-28.7 64-64S163.3 0 128 0 64 28.7 64 64s28.7 64 64 64zm384 0c35.3 0 64-28.7 64-64S547.3 0 512 0s-64 28.7-64 64 28.7 64 64 64zm127.3 226.5l-45.6-185.8c-3.3-13.5-15.5-23-29.8-24.2-15 9.7-32.8 15.5-52 15.5-19.2 0-37-5.8-52-15.5-14.3 1.2-26.5 10.7-29.8 24.2l-45.6 185.8C381 369.6 393 384 409.2 384H464v104c0 13.3 10.7 24 24 24h48c13.3 0 24-10.7 24-24V384h54.8c16.2 0 28.2-14.4 24.5-29.5zM336 0h-32c-8.8 0-16 7.2-16 16v480c0 8.8 7.2 16 16 16h32c8.8 0 16-7.2 16-16V16c0-8.8-7.2-16-16-16zM180.1 144.4c-15 9.8-32.9 15.6-52.1 15.6-19.2 0-37.1-5.8-52.1-15.6C51.3 146.5 32 166.9 32 192v136c0 13.3 10.7 24 24 24h8v136c0 13.3 10.7 24 24 24h80c13.3 0 24-10.7 24-24V352h8c13.3 0 24-10.7 24-24V192c0-25.1-19.3-45.5-43.9-47.6z\"><\/path><\/svg>\t\t\t<\/div>\n\t\t<\/div>\n\t\t\t\t<\/div>\n\t\t\t\t<\/div>\n\t\t\t\t<div class=\"elementor-element elementor-element-f61bd4c elementor-widget elementor-widget-text-editor\" data-id=\"f61bd4c\" data-element_type=\"widget\" data-widget_type=\"text-editor.default\">\n\t\t\t\t<div class=\"elementor-widget-container\">\n\t\t\t\t\t\t\t<p>Objetivos Individuales<\/p>\t\t\t\t\t\t<\/div>\n\t\t\t\t<\/div>\n\t\t\t\t<\/div>\n\t\t<div class=\"elementor-element elementor-element-0475afe e-con-full e-flex e-con e-child\" data-id=\"0475afe\" data-element_type=\"container\">\n\t\t\t\t<div class=\"elementor-element elementor-element-dcce05b elementor-view-default elementor-widget elementor-widget-icon\" data-id=\"dcce05b\" data-element_type=\"widget\" data-widget_type=\"icon.default\">\n\t\t\t\t<div class=\"elementor-widget-container\">\n\t\t\t\t\t<div class=\"elementor-icon-wrapper\">\n\t\t\t<div class=\"elementor-icon\">\n\t\t\t<svg aria-hidden=\"true\" class=\"e-font-icon-svg e-fas-angle-double-up\" viewBox=\"0 0 320 512\" xmlns=\"http:\/\/www.w3.org\/2000\/svg\"><path d=\"M177 255.7l136 136c9.4 9.4 9.4 24.6 0 33.9l-22.6 22.6c-9.4 9.4-24.6 9.4-33.9 0L160 351.9l-96.4 96.4c-9.4 9.4-24.6 9.4-33.9 0L7 425.7c-9.4-9.4-9.4-24.6 0-33.9l136-136c9.4-9.5 24.6-9.5 34-.1zm-34-192L7 199.7c-9.4 9.4-9.4 24.6 0 33.9l22.6 22.6c9.4 9.4 24.6 9.4 33.9 0l96.4-96.4 96.4 96.4c9.4 9.4 24.6 9.4 33.9 0l22.6-22.6c9.4-9.4 9.4-24.6 0-33.9l-136-136c-9.2-9.4-24.4-9.4-33.8 0z\"><\/path><\/svg>\t\t\t<\/div>\n\t\t<\/div>\n\t\t\t\t<\/div>\n\t\t\t\t<\/div>\n\t\t\t\t<div class=\"elementor-element elementor-element-e262b87 elementor-widget elementor-widget-text-editor\" data-id=\"e262b87\" data-element_type=\"widget\" data-widget_type=\"text-editor.default\">\n\t\t\t\t<div class=\"elementor-widget-container\">\n\t\t\t\t\t\t\t<p>Apoyo para Independencia<\/p>\t\t\t\t\t\t<\/div>\n\t\t\t\t<\/div>\n\t\t\t\t<\/div>\n\t\t<div class=\"elementor-element elementor-element-d5a8e22 e-con-full e-flex e-con e-child\" data-id=\"d5a8e22\" data-element_type=\"container\">\n\t\t\t\t<div class=\"elementor-element elementor-element-f59ecda elementor-view-default elementor-widget elementor-widget-icon\" data-id=\"f59ecda\" data-element_type=\"widget\" data-widget_type=\"icon.default\">\n\t\t\t\t<div class=\"elementor-widget-container\">\n\t\t\t\t\t<div class=\"elementor-icon-wrapper\">\n\t\t\t<div class=\"elementor-icon\">\n\t\t\t<svg aria-hidden=\"true\" class=\"e-font-icon-svg e-fas-hands\" viewBox=\"0 0 640 512\" xmlns=\"http:\/\/www.w3.org\/2000\/svg\"><path d=\"M204.8 230.4c-10.6-14.1-30.7-17-44.8-6.4-14.1 10.6-17 30.7-6.4 44.8l38.1 50.8c4.8 6.4 4.1 15.3-1.5 20.9l-12.8 12.8c-6.7 6.7-17.6 6.2-23.6-1.1L64 244.4V96c0-17.7-14.3-32-32-32S0 78.3 0 96v218.4c0 10.9 3.7 21.5 10.5 30l104.1 134.3c5 6.5 8.4 13.9 10.4 21.7 1.8 6.9 8.1 11.6 15.3 11.6H272c8.8 0 16-7.2 16-16V384c0-27.7-9-54.6-25.6-76.8l-57.6-76.8zM608 64c-17.7 0-32 14.3-32 32v148.4l-89.8 107.8c-6 7.2-17 7.7-23.6 1.1l-12.8-12.8c-5.6-5.6-6.3-14.5-1.5-20.9l38.1-50.8c10.6-14.1 7.7-34.2-6.4-44.8-14.1-10.6-34.2-7.7-44.8 6.4l-57.6 76.8C361 329.4 352 356.3 352 384v112c0 8.8 7.2 16 16 16h131.7c7.1 0 13.5-4.7 15.3-11.6 2-7.8 5.4-15.2 10.4-21.7l104.1-134.3c6.8-8.5 10.5-19.1 10.5-30V96c0-17.7-14.3-32-32-32z\"><\/path><\/svg>\t\t\t<\/div>\n\t\t<\/div>\n\t\t\t\t<\/div>\n\t\t\t\t<\/div>\n\t\t\t\t<div class=\"elementor-element elementor-element-07173e4 elementor-widget elementor-widget-text-editor\" data-id=\"07173e4\" data-element_type=\"widget\" data-widget_type=\"text-editor.default\">\n\t\t\t\t<div class=\"elementor-widget-container\">\n\t\t\t\t\t\t\t<p>Bienestar Emocional<\/p>\t\t\t\t\t\t<\/div>\n\t\t\t\t<\/div>\n\t\t\t\t<\/div>\n\t\t\t\t\t<\/div>\n\t\t\t\t<\/div>\n\t\t\t\t\t<\/div>\n\t\t\t\t<\/div>\n\t\t\t\t<\/div>\n\t\t","protected":false},"excerpt":{"rendered":"<p>Centro Diurno El\u00a0Centro Diurno\u00a0trabaja sobre las necesidades de apoyo que la persona presenta para mejorar su funcionamiento promoviendo la inclusi\u00f3n socio comunitaria. Se organiza mediante la Planificaci\u00f3n Centrada en la Persona, por lo que se mantiene el trabajo por objetivos individuales. Realiza apoyos a la familia y\/o v\u00ednculos afectivos. La atenci\u00f3n que se brinda en &hellip;<\/p>\n<p class=\"read-more\"> <a class=\"\" href=\"https:\/\/www.cnasm.org.uy\/index.php\/centro-diurno\/\"> <span class=\"screen-reader-text\">Centro Diurno<\/span> Leer m\u00e1s &raquo;<\/a><\/p>\n","protected":false},"author":1,"featured_media":0,"parent":0,"menu_order":0,"comment_status":"closed","ping_status":"closed","template":"","meta":{"_uag_custom_page_level_css":"","_uf_show_specific_survey":0,"_uf_disable_surveys":false,"site-sidebar-layout":"no-sidebar","site-content-layout":"page-builder","ast-site-content-layout":"full-width-container","site-content-style":"default","site-sidebar-style":"default","ast-global-header-display":"","ast-banner-title-visibility":"","ast-main-header-display":"","ast-hfb-above-header-display":"","ast-hfb-below-header-display":"","ast-hfb-mobile-header-display":"","site-post-title":"disabled","ast-breadcrumbs-content":"","ast-featured-img":"disabled","footer-sml-layout":"","theme-transparent-header-meta":"","adv-header-id-meta":"","stick-header-meta":"","header-above-stick-meta":"","header-main-stick-meta":"","header-below-stick-meta":"","astra-migrate-meta-layouts":"set","ast-page-background-enabled":"default","ast-page-background-meta":{"desktop":{"background-color":"","background-image":"","background-repeat":"repeat","background-position":"center center","background-size":"auto","background-attachment":"scroll","background-type":"","background-media":"","overlay-type":"","overlay-color":"","overlay-gradient":""},"tablet":{"background-color":"","background-image":"","background-repeat":"repeat","background-position":"center center","background-size":"auto","background-attachment":"scroll","background-type":"","background-media":"","overlay-type":"","overlay-color":"","overlay-gradient":""},"mobile":{"background-color":"","background-image":"","background-repeat":"repeat","background-position":"center center","background-size":"auto","background-attachment":"scroll","background-type":"","background-media":"","overlay-type":"","overlay-color":"","overlay-gradient":""}},"ast-content-background-meta":{"desktop":{"background-color":"var(--ast-global-color-5)","background-image":"","background-repeat":"repeat","background-position":"center center","background-size":"auto","background-attachment":"scroll","background-type":"","background-media":"","overlay-type":"","overlay-color":"","overlay-gradient":""},"tablet":{"background-color":"var(--ast-global-color-5)","background-image":"","background-repeat":"repeat","background-position":"center center","background-size":"auto","background-attachment":"scroll","background-type":"","background-media":"","overlay-type":"","overlay-color":"","overlay-gradient":""},"mobile":{"background-color":"var(--ast-global-color-5)","background-image":"","background-repeat":"repeat","background-position":"center center","background-size":"auto","background-attachment":"scroll","background-type":"","background-media":"","overlay-type":"","overlay-color":"","overlay-gradient":""}},"footnotes":""},"class_list":["post-1294","page","type-page","status-publish","hentry"],"aioseo_notices":[],"uagb_featured_image_src":{"full":false,"thumbnail":false,"medium":false,"medium_large":false,"large":false,"1536x1536":false,"2048x2048":false},"uagb_author_info":{"display_name":"Admin","author_link":"https:\/\/www.cnasm.org.uy\/index.php\/author\/admin\/"},"uagb_comment_info":0,"uagb_excerpt":"Centro Diurno El\u00a0Centro Diurno\u00a0trabaja sobre las necesidades de apoyo que la persona presenta para mejorar su funcionamiento promoviendo la inclusi\u00f3n socio comunitaria. Se organiza mediante la Planificaci\u00f3n Centrada en la Persona, por lo que se mantiene el trabajo por objetivos individuales. Realiza apoyos a la familia y\/o v\u00ednculos afectivos. La atenci\u00f3n que se brinda en&hellip;","rttpg_featured_image_url":null,"rttpg_author":{"display_name":"Admin","author_link":"https:\/\/www.cnasm.org.uy\/index.php\/author\/admin\/"},"rttpg_comment":0,"rttpg_category":null,"rttpg_excerpt":"Centro Diurno El\u00a0Centro Diurno\u00a0trabaja sobre las necesidades de apoyo que la persona presenta para mejorar su funcionamiento promoviendo la inclusi\u00f3n socio comunitaria. Se organiza mediante la Planificaci\u00f3n Centrada en la Persona, por lo que se mantiene el trabajo por objetivos individuales. Realiza apoyos a la familia y\/o v\u00ednculos afectivos. La atenci\u00f3n que se brinda en&hellip;","_links":{"self":[{"href":"https:\/\/www.cnasm.org.uy\/index.php\/wp-json\/wp\/v2\/pages\/1294","targetHints":{"allow":["GET"]}}],"collection":[{"href":"https:\/\/www.cnasm.org.uy\/index.php\/wp-json\/wp\/v2\/pages"}],"about":[{"href":"https:\/\/www.cnasm.org.uy\/index.php\/wp-json\/wp\/v2\/types\/page"}],"author":[{"embeddable":true,"href":"https:\/\/www.cnasm.org.uy\/index.php\/wp-json\/wp\/v2\/users\/1"}],"replies":[{"embeddable":true,"href":"https:\/\/www.cnasm.org.uy\/index.php\/wp-json\/wp\/v2\/comments?post=1294"}],"version-history":[{"count":40,"href":"https:\/\/www.cnasm.org.uy\/index.php\/wp-json\/wp\/v2\/pages\/1294\/revisions"}],"predecessor-version":[{"id":2049,"href":"https:\/\/www.cnasm.org.uy\/index.php\/wp-json\/wp\/v2\/pages\/1294\/revisions\/2049"}],"wp:attachment":[{"href":"https:\/\/www.cnasm.org.uy\/index.php\/wp-json\/wp\/v2\/media?parent=1294"}],"curies":[{"name":"wp","href":"https:\/\/api.w.org\/{rel}","templated":true}]}}