{"id":1693,"date":"2024-03-05T18:07:11","date_gmt":"2024-03-05T21:07:11","guid":{"rendered":"https:\/\/www.cnasm.org.uy\/?page_id=1693"},"modified":"2024-03-05T19:41:43","modified_gmt":"2024-03-05T22:41:43","slug":"centro-martinez-visca","status":"publish","type":"page","link":"https:\/\/www.cnasm.org.uy\/index.php\/centro-martinez-visca\/","title":{"rendered":"Centro Mart\u00ednez Visca"},"content":{"rendered":"\t\t<div data-elementor-type=\"wp-page\" data-elementor-id=\"1693\" class=\"elementor elementor-1693\">\n\t\t\t\t<div class=\"elementor-element elementor-element-b8fc84c e-flex e-con-boxed e-con e-parent\" data-id=\"b8fc84c\" data-element_type=\"container\">\n\t\t\t\t\t<div class=\"e-con-inner\">\n\t\t\t\t<div class=\"elementor-element elementor-element-6033afe elementor-widget elementor-widget-heading\" data-id=\"6033afe\" data-element_type=\"widget\" data-widget_type=\"heading.default\">\n\t\t\t\t<div class=\"elementor-widget-container\">\n\t\t\t<h2 class=\"elementor-heading-title elementor-size-default\">Centro Mart\u00ednez Visca<\/h2>\t\t<\/div>\n\t\t\t\t<\/div>\n\t\t\t\t\t<\/div>\n\t\t\t\t<\/div>\n\t\t<div class=\"elementor-element elementor-element-4f5c727 e-flex e-con-boxed e-con e-parent\" data-id=\"4f5c727\" data-element_type=\"container\">\n\t\t\t\t\t<div class=\"e-con-inner\">\n\t\t\t\t<div class=\"elementor-element elementor-element-0f2ecb4 elementor-widget elementor-widget-text-editor\" data-id=\"0f2ecb4\" data-element_type=\"widget\" data-widget_type=\"text-editor.default\">\n\t\t\t\t<div class=\"elementor-widget-container\">\n\t\t\t\t\t\t\t<p>En pro de esta inclusi\u00f3n se cre\u00f3, por decreto en 1971, el \u201cCentro Nacional de Rehabilitaci\u00f3n Ps\u00edquica\u201d llamado Centro Mart\u00ednez Visca, para conseguir la aceptaci\u00f3n integral del paciente ps\u00edquico en su medio social.<\/p>\n<p><span style=\"font-style: inherit; font-weight: inherit; text-align: var(--text-align); background-color: var(--ast-global-color-4); color: var(--ast-global-color-3);\"><strong>La atenci\u00f3n que se brinda en este centro es gratuita<\/strong>, las personas que se benefician de sus servicios <strong>pueden proceder de prestadores tanto p\u00fablicos como privados o haber sido derivadas de otros centros<\/strong> diurnos de atenci\u00f3n. En todos los casos se estudia espec\u00edficamente cu\u00e1l de las propuestas que tiene el centro le ser\u00e1 m\u00e1s beneficiosa a la persona para luego integrarla en un trabajo que se hace, en conjunto y teniendo en cuenta, al c\u00edrculo afectivo cercano que juega un papel fundamental en su progreso. El objetivo final es lograr que la persona de independice y logre tomar las decisiones de su propia vida con libertad; el prop\u00f3sito es conseguir personas autov\u00e1lidas en todos los aspectos.<\/span><\/p>\n<p><strong>Se desarrollan tres programas de inclusi\u00f3n socio comunitaria: un centro diurno, el programa Ceibo y el programa Arrayan.<\/strong><\/p>\n<p><strong>En el centro diurno<\/strong> se busca brindar <strong>apoyo<\/strong> tanto a la <strong>persona<\/strong> que padece trastornos de salud mental como a su <strong>familia y\/o v\u00ednculos afectivos<\/strong>. El trabajo se planifica centrado en las personas y se plantean objetivos individuales para cada uno de los que asiste.<\/p>\n<p><span style=\"text-decoration: underline;\"><em><strong>M\u00e1s sobre Centro Diurno, actividades y talleres.<\/strong><\/em><\/span><\/p>\n<p><strong>Inlusi\u00f3n Laboral: El programa Ceibo <\/strong>&nbsp;se centra en la b<strong>\u00fasqueda y el mantenimiento de trabajo a trav\u00e9s del \u201cempleo con apoyo\u201d<\/strong>. El equipo de profesionales dise\u00f1a <strong>estrategias de apoyo<\/strong> (como puede ser coordinar entrevistas en las que se atiendan situaciones que se presentan en el \u00e1mbito laboral, para prevenir posibles inconvenientes, o la adaptaci\u00f3n de las caracter\u00edsticas del puesto a quien ser\u00e1 el trabajador), las que, <strong>junto con la persona, sirven para la b\u00fasqueda, obtenci\u00f3n y mantenimiento del empleo en empresas que se encuentren en el mercado laboral<\/strong>. Son 70 personas las que, desde 2013 a hoy, est\u00e1n trabajando, integradas socialmente, gracias al trabajo en este programa.<\/p>\n<p><strong>Inclusi\u00f3n en Vivienda: El programa Arrayan<\/strong> <strong>estimula y apoya la autonom\u00eda brindando viviendas transitorias<\/strong> en diferentes modalidades como <strong>pensiones sociales, apartamentos supervisados y apoyos en domicilio<\/strong>. Aqu\u00ed el trabajo del Centro Mart\u00ednez Visca puede pasar por hacer intervenciones de organizaci\u00f3n de la vida diaria, hasta ser <strong>referentes de convivencia<\/strong>.<\/p>\n<p><strong>Este centro depende de la Comisi\u00f3n Nacional de Apoyo a la Salud Mental abreviada CNASM<\/strong> (anteriormente llamda \u00abComisi\u00f3n Honoraria del Patronato del Psic\u00f3pata\u00bb)&nbsp; creada en 1948&nbsp; para: <span style=\"color: #666699;\"><em>\u201cproteger al enfermo mental en todas las etapas de su asistencia hospitalaria y externa y durante su convalecencia; velar por su bienestar al reintegrarse a la sociedad procur\u00e1ndole habitaci\u00f3n y alimentaci\u00f3n, si no las tiene, y trabajo adecuado; prestarle la ayuda necesaria para resolver sus problemas econ\u00f3micos, profesionales y afectivos\u201d<\/em><\/span><\/p>\t\t\t\t\t\t<\/div>\n\t\t\t\t<\/div>\n\t\t\t\t\t<\/div>\n\t\t\t\t<\/div>\n\t\t\t\t<\/div>\n\t\t","protected":false},"excerpt":{"rendered":"<p>Centro Mart\u00ednez Visca En pro de esta inclusi\u00f3n se cre\u00f3, por decreto en 1971, el \u201cCentro Nacional de Rehabilitaci\u00f3n Ps\u00edquica\u201d llamado Centro Mart\u00ednez Visca, para conseguir la aceptaci\u00f3n integral del paciente ps\u00edquico en su medio social. La atenci\u00f3n que se brinda en este centro es gratuita, las personas que se benefician de sus servicios pueden &hellip;<\/p>\n<p class=\"read-more\"> <a class=\"\" href=\"https:\/\/www.cnasm.org.uy\/index.php\/centro-martinez-visca\/\"> <span class=\"screen-reader-text\">Centro Mart\u00ednez Visca<\/span> Leer m\u00e1s &raquo;<\/a><\/p>\n","protected":false},"author":1,"featured_media":0,"parent":0,"menu_order":0,"comment_status":"closed","ping_status":"closed","template":"","meta":{"_uag_custom_page_level_css":"","_uf_show_specific_survey":0,"_uf_disable_surveys":false,"site-sidebar-layout":"no-sidebar","site-content-layout":"page-builder","ast-site-content-layout":"full-width-container","site-content-style":"default","site-sidebar-style":"default","ast-global-header-display":"","ast-banner-title-visibility":"","ast-main-header-display":"","ast-hfb-above-header-display":"","ast-hfb-below-header-display":"","ast-hfb-mobile-header-display":"","site-post-title":"disabled","ast-breadcrumbs-content":"","ast-featured-img":"disabled","footer-sml-layout":"","theme-transparent-header-meta":"","adv-header-id-meta":"","stick-header-meta":"","header-above-stick-meta":"","header-main-stick-meta":"","header-below-stick-meta":"","astra-migrate-meta-layouts":"default","ast-page-background-enabled":"default","ast-page-background-meta":{"desktop":{"background-color":"","background-image":"","background-repeat":"repeat","background-position":"center center","background-size":"auto","background-attachment":"scroll","background-type":"","background-media":"","overlay-type":"","overlay-color":"","overlay-gradient":""},"tablet":{"background-color":"","background-image":"","background-repeat":"repeat","background-position":"center center","background-size":"auto","background-attachment":"scroll","background-type":"","background-media":"","overlay-type":"","overlay-color":"","overlay-gradient":""},"mobile":{"background-color":"","background-image":"","background-repeat":"repeat","background-position":"center center","background-size":"auto","background-attachment":"scroll","background-type":"","background-media":"","overlay-type":"","overlay-color":"","overlay-gradient":""}},"ast-content-background-meta":{"desktop":{"background-color":"var(--ast-global-color-5)","background-image":"","background-repeat":"repeat","background-position":"center center","background-size":"auto","background-attachment":"scroll","background-type":"","background-media":"","overlay-type":"","overlay-color":"","overlay-gradient":""},"tablet":{"background-color":"var(--ast-global-color-5)","background-image":"","background-repeat":"repeat","background-position":"center center","background-size":"auto","background-attachment":"scroll","background-type":"","background-media":"","overlay-type":"","overlay-color":"","overlay-gradient":""},"mobile":{"background-color":"var(--ast-global-color-5)","background-image":"","background-repeat":"repeat","background-position":"center center","background-size":"auto","background-attachment":"scroll","background-type":"","background-media":"","overlay-type":"","overlay-color":"","overlay-gradient":""}},"footnotes":""},"class_list":["post-1693","page","type-page","status-publish","hentry"],"aioseo_notices":[],"uagb_featured_image_src":{"full":false,"thumbnail":false,"medium":false,"medium_large":false,"large":false,"1536x1536":false,"2048x2048":false},"uagb_author_info":{"display_name":"Admin","author_link":"https:\/\/www.cnasm.org.uy\/index.php\/author\/admin\/"},"uagb_comment_info":0,"uagb_excerpt":"Centro Mart\u00ednez Visca En pro de esta inclusi\u00f3n se cre\u00f3, por decreto en 1971, el \u201cCentro Nacional de Rehabilitaci\u00f3n Ps\u00edquica\u201d llamado Centro Mart\u00ednez Visca, para conseguir la aceptaci\u00f3n integral del paciente ps\u00edquico en su medio social. La atenci\u00f3n que se brinda en este centro es gratuita, las personas que se benefician de sus servicios pueden&hellip;","rttpg_featured_image_url":null,"rttpg_author":{"display_name":"Admin","author_link":"https:\/\/www.cnasm.org.uy\/index.php\/author\/admin\/"},"rttpg_comment":0,"rttpg_category":null,"rttpg_excerpt":"Centro Mart\u00ednez Visca En pro de esta inclusi\u00f3n se cre\u00f3, por decreto en 1971, el \u201cCentro Nacional de Rehabilitaci\u00f3n Ps\u00edquica\u201d llamado Centro Mart\u00ednez Visca, para conseguir la aceptaci\u00f3n integral del paciente ps\u00edquico en su medio social. La atenci\u00f3n que se brinda en este centro es gratuita, las personas que se benefician de sus servicios pueden&hellip;","_links":{"self":[{"href":"https:\/\/www.cnasm.org.uy\/index.php\/wp-json\/wp\/v2\/pages\/1693","targetHints":{"allow":["GET"]}}],"collection":[{"href":"https:\/\/www.cnasm.org.uy\/index.php\/wp-json\/wp\/v2\/pages"}],"about":[{"href":"https:\/\/www.cnasm.org.uy\/index.php\/wp-json\/wp\/v2\/types\/page"}],"author":[{"embeddable":true,"href":"https:\/\/www.cnasm.org.uy\/index.php\/wp-json\/wp\/v2\/users\/1"}],"replies":[{"embeddable":true,"href":"https:\/\/www.cnasm.org.uy\/index.php\/wp-json\/wp\/v2\/comments?post=1693"}],"version-history":[{"count":10,"href":"https:\/\/www.cnasm.org.uy\/index.php\/wp-json\/wp\/v2\/pages\/1693\/revisions"}],"predecessor-version":[{"id":1742,"href":"https:\/\/www.cnasm.org.uy\/index.php\/wp-json\/wp\/v2\/pages\/1693\/revisions\/1742"}],"wp:attachment":[{"href":"https:\/\/www.cnasm.org.uy\/index.php\/wp-json\/wp\/v2\/media?parent=1693"}],"curies":[{"name":"wp","href":"https:\/\/api.w.org\/{rel}","templated":true}]}}