{"id":1885,"date":"2024-05-07T12:30:34","date_gmt":"2024-05-07T15:30:34","guid":{"rendered":"https:\/\/www.cnasm.org.uy\/?page_id=1885"},"modified":"2024-08-07T11:09:48","modified_gmt":"2024-08-07T14:09:48","slug":"elementor-1885","status":"publish","type":"page","link":"https:\/\/www.cnasm.org.uy\/index.php\/elementor-1885\/","title":{"rendered":"Programa de Ingreso"},"content":{"rendered":"\t\t<div data-elementor-type=\"wp-page\" data-elementor-id=\"1885\" class=\"elementor elementor-1885\">\n\t\t\t\t<div class=\"elementor-element elementor-element-33a6dce e-flex e-con-boxed e-con e-parent\" data-id=\"33a6dce\" data-element_type=\"container\">\n\t\t\t\t\t<div class=\"e-con-inner\">\n\t\t\t\t<div class=\"elementor-element elementor-element-d11745c elementor-widget elementor-widget-heading\" data-id=\"d11745c\" data-element_type=\"widget\" data-widget_type=\"heading.default\">\n\t\t\t\t<div class=\"elementor-widget-container\">\n\t\t\t<h2 class=\"elementor-heading-title elementor-size-default\">Programa de Ingreso<\/h2>\t\t<\/div>\n\t\t\t\t<\/div>\n\t\t\t\t\t<\/div>\n\t\t\t\t<\/div>\n\t\t<div class=\"elementor-element elementor-element-acccf3b e-flex e-con-boxed e-con e-parent\" data-id=\"acccf3b\" data-element_type=\"container\">\n\t\t\t\t\t<div class=\"e-con-inner\">\n\t\t<div class=\"elementor-element elementor-element-30b8ff4 e-con-full e-flex e-con e-child\" data-id=\"30b8ff4\" data-element_type=\"container\">\n\t\t\t\t<div class=\"elementor-element elementor-element-bfa8f29 elementor-widget elementor-widget-text-editor\" data-id=\"bfa8f29\" data-element_type=\"widget\" data-widget_type=\"text-editor.default\">\n\t\t\t\t<div class=\"elementor-widget-container\">\n\t\t\t\t\t\t\t<p>La persona es recibida por un <strong>equipo interdisiplinario<\/strong> compuesto por psiquiatra, psic\u00f3logo y trabajador social. <strong>Se realiza una valoraci\u00f3n clinica da trav\u00e9s de una entrevista<\/strong> con la persona y su familia o referente.<br \/><br \/>En una segunda instancia, se aplican escalas de valoraci\u00f3n funcional y cognitiva a efectos de <strong>determinar las necesidades de apoyo de la persona y los objetivos inmediatos<\/strong>.<\/p>\t\t\t\t\t\t<\/div>\n\t\t\t\t<\/div>\n\t\t\t\t<\/div>\n\t\t<div class=\"elementor-element elementor-element-f19e94d e-con-full e-flex e-con e-child\" data-id=\"f19e94d\" data-element_type=\"container\">\n\t\t\t\t<div class=\"elementor-element elementor-element-15a022c elementor-widget elementor-widget-heading\" data-id=\"15a022c\" data-element_type=\"widget\" data-widget_type=\"heading.default\">\n\t\t\t\t<div class=\"elementor-widget-container\">\n\t\t\t<h2 class=\"elementor-heading-title elementor-size-default\">Formulario de Ingreso<\/h2>\t\t<\/div>\n\t\t\t\t<\/div>\n\t\t\t\t<div class=\"elementor-element elementor-element-dd476b9 elementor-align-center elementor-widget elementor-widget-button\" data-id=\"dd476b9\" data-element_type=\"widget\" data-widget_type=\"button.default\">\n\t\t\t\t<div class=\"elementor-widget-container\">\n\t\t\t\t\t<div class=\"elementor-button-wrapper\">\n\t\t\t<a class=\"elementor-button elementor-button-link elementor-size-sm\" href=\"https:\/\/www.cnasm.org.uy\/wp-content\/uploads\/2024\/04\/Formulario-solicitud-de-ingreso-a-CMV.pdf\">\n\t\t\t\t\t\t<span class=\"elementor-button-content-wrapper\">\n\t\t\t\t\t\t\t\t\t<span class=\"elementor-button-text\">Descarar Formulario<\/span>\n\t\t\t\t\t<\/span>\n\t\t\t\t\t<\/a>\n\t\t<\/div>\n\t\t\t\t<\/div>\n\t\t\t\t<\/div>\n\t\t\t\t<\/div>\n\t\t<div class=\"elementor-element elementor-element-ae5b88d e-con-full e-flex e-con e-child\" data-id=\"ae5b88d\" data-element_type=\"container\">\n\t\t\t\t<\/div>\n\t\t\t\t\t<\/div>\n\t\t\t\t<\/div>\n\t\t\t\t<\/div>\n\t\t","protected":false},"excerpt":{"rendered":"<p>Programa de Ingreso La persona es recibida por un equipo interdisiplinario compuesto por psiquiatra, psic\u00f3logo y trabajador social. Se realiza una valoraci\u00f3n clinica da trav\u00e9s de una entrevista con la persona y su familia o referente. En una segunda instancia, se aplican escalas de valoraci\u00f3n funcional y cognitiva a efectos de determinar las necesidades de &hellip;<\/p>\n<p class=\"read-more\"> <a class=\"\" href=\"https:\/\/www.cnasm.org.uy\/index.php\/elementor-1885\/\"> <span class=\"screen-reader-text\">Programa de Ingreso<\/span> Leer m\u00e1s &raquo;<\/a><\/p>\n","protected":false},"author":1,"featured_media":0,"parent":0,"menu_order":0,"comment_status":"closed","ping_status":"closed","template":"","meta":{"_uag_custom_page_level_css":"","_uf_show_specific_survey":0,"_uf_disable_surveys":false,"site-sidebar-layout":"no-sidebar","site-content-layout":"page-builder","ast-site-content-layout":"full-width-container","site-content-style":"default","site-sidebar-style":"default","ast-global-header-display":"","ast-banner-title-visibility":"","ast-main-header-display":"","ast-hfb-above-header-display":"","ast-hfb-below-header-display":"","ast-hfb-mobile-header-display":"","site-post-title":"disabled","ast-breadcrumbs-content":"","ast-featured-img":"disabled","footer-sml-layout":"","theme-transparent-header-meta":"","adv-header-id-meta":"","stick-header-meta":"","header-above-stick-meta":"","header-main-stick-meta":"","header-below-stick-meta":"","astra-migrate-meta-layouts":"set","ast-page-background-enabled":"default","ast-page-background-meta":{"desktop":{"background-color":"","background-image":"","background-repeat":"repeat","background-position":"center center","background-size":"auto","background-attachment":"scroll","background-type":"","background-media":"","overlay-type":"","overlay-color":"","overlay-gradient":""},"tablet":{"background-color":"","background-image":"","background-repeat":"repeat","background-position":"center center","background-size":"auto","background-attachment":"scroll","background-type":"","background-media":"","overlay-type":"","overlay-color":"","overlay-gradient":""},"mobile":{"background-color":"","background-image":"","background-repeat":"repeat","background-position":"center center","background-size":"auto","background-attachment":"scroll","background-type":"","background-media":"","overlay-type":"","overlay-color":"","overlay-gradient":""}},"ast-content-background-meta":{"desktop":{"background-color":"var(--ast-global-color-5)","background-image":"","background-repeat":"repeat","background-position":"center center","background-size":"auto","background-attachment":"scroll","background-type":"","background-media":"","overlay-type":"","overlay-color":"","overlay-gradient":""},"tablet":{"background-color":"var(--ast-global-color-5)","background-image":"","background-repeat":"repeat","background-position":"center center","background-size":"auto","background-attachment":"scroll","background-type":"","background-media":"","overlay-type":"","overlay-color":"","overlay-gradient":""},"mobile":{"background-color":"var(--ast-global-color-5)","background-image":"","background-repeat":"repeat","background-position":"center center","background-size":"auto","background-attachment":"scroll","background-type":"","background-media":"","overlay-type":"","overlay-color":"","overlay-gradient":""}},"footnotes":""},"class_list":["post-1885","page","type-page","status-publish","hentry"],"aioseo_notices":[],"uagb_featured_image_src":{"full":false,"thumbnail":false,"medium":false,"medium_large":false,"large":false,"1536x1536":false,"2048x2048":false},"uagb_author_info":{"display_name":"Admin","author_link":"https:\/\/www.cnasm.org.uy\/index.php\/author\/admin\/"},"uagb_comment_info":0,"uagb_excerpt":"Programa de Ingreso La persona es recibida por un equipo interdisiplinario compuesto por psiquiatra, psic\u00f3logo y trabajador social. Se realiza una valoraci\u00f3n clinica da trav\u00e9s de una entrevista con la persona y su familia o referente. En una segunda instancia, se aplican escalas de valoraci\u00f3n funcional y cognitiva a efectos de determinar las necesidades de&hellip;","rttpg_featured_image_url":null,"rttpg_author":{"display_name":"Admin","author_link":"https:\/\/www.cnasm.org.uy\/index.php\/author\/admin\/"},"rttpg_comment":0,"rttpg_category":null,"rttpg_excerpt":"Programa de Ingreso La persona es recibida por un equipo interdisiplinario compuesto por psiquiatra, psic\u00f3logo y trabajador social. Se realiza una valoraci\u00f3n clinica da trav\u00e9s de una entrevista con la persona y su familia o referente. En una segunda instancia, se aplican escalas de valoraci\u00f3n funcional y cognitiva a efectos de determinar las necesidades de&hellip;","_links":{"self":[{"href":"https:\/\/www.cnasm.org.uy\/index.php\/wp-json\/wp\/v2\/pages\/1885","targetHints":{"allow":["GET"]}}],"collection":[{"href":"https:\/\/www.cnasm.org.uy\/index.php\/wp-json\/wp\/v2\/pages"}],"about":[{"href":"https:\/\/www.cnasm.org.uy\/index.php\/wp-json\/wp\/v2\/types\/page"}],"author":[{"embeddable":true,"href":"https:\/\/www.cnasm.org.uy\/index.php\/wp-json\/wp\/v2\/users\/1"}],"replies":[{"embeddable":true,"href":"https:\/\/www.cnasm.org.uy\/index.php\/wp-json\/wp\/v2\/comments?post=1885"}],"version-history":[{"count":11,"href":"https:\/\/www.cnasm.org.uy\/index.php\/wp-json\/wp\/v2\/pages\/1885\/revisions"}],"predecessor-version":[{"id":2180,"href":"https:\/\/www.cnasm.org.uy\/index.php\/wp-json\/wp\/v2\/pages\/1885\/revisions\/2180"}],"wp:attachment":[{"href":"https:\/\/www.cnasm.org.uy\/index.php\/wp-json\/wp\/v2\/media?parent=1885"}],"curies":[{"name":"wp","href":"https:\/\/api.w.org\/{rel}","templated":true}]}}